{"id":15906,"date":"2024-02-06T11:02:01","date_gmt":"2024-02-06T11:02:01","guid":{"rendered":"https:\/\/marouti.ma\/?post_type=product&#038;p=15906"},"modified":"2024-02-08T14:39:24","modified_gmt":"2024-02-08T14:39:24","slug":"etagere-dangle","status":"publish","type":"product","link":"https:\/\/marouti.ma\/index.php\/product\/etagere-dangle\/","title":{"rendered":"Etag\u00e8re d&rsquo;angle de douche en acier inoxydable, finition nickel bross\u00e9."},"content":{"rendered":"<p>Etag\u00e8re d&rsquo;angle en aluminium\u00a0salle de bain Salle de bains Panier \u00e9tag\u00e8re de coin.<\/p>\n<ul>\n<li><strong>Construction en aluminium<\/strong>. Fabriqu\u00e9 en m\u00e9tal solide, durable, r\u00e9sistant \u00e0 la corrosion et \u00e0 la rouille.<\/li>\n<li><strong>Finition nickel bross\u00e9:<\/strong>\u00a0Con\u00e7u pour r\u00e9sister aux rayures, \u00e0 la corrosion et au ternissement quotidiens. La finition en acier bross\u00e9 cr\u00e9e un look contemporain.<\/li>\n<li>Porte-shampooing, savon et articles de bain dans la douche ou la baignoire, offrant un rangement pratique et peu encombrant.<\/li>\n<li><strong>Installation facile:<\/strong> Montage mural, livr\u00e9 avec des capuchons de vis, un ensemble de quincaillerie. Convient pour la maison, la salle de bain, la cuisine, les toilettes publiques, l&rsquo;\u00e9cole, l&rsquo;h\u00f4tel, etc.<\/li>\n<\/ul>\n","protected":false},"excerpt":{"rendered":"<p>Etag\u00e8re d&rsquo;angle en aluminium\u00a0salle de bain Salle de bains Panier \u00e9tag\u00e8re de coin. Construction en aluminium. Fabriqu\u00e9 en m\u00e9tal solide,<\/p>\n","protected":false},"featured_media":16056,"comment_status":"open","ping_status":"closed","template":"","meta":{"_themeisle_gutenberg_block_has_review":false,"_joinchat":[]},"product_cat":[571],"product_tag":[],"_links":{"self":[{"href":"https:\/\/marouti.ma\/index.php\/wp-json\/wp\/v2\/product\/15906"}],"collection":[{"href":"https:\/\/marouti.ma\/index.php\/wp-json\/wp\/v2\/product"}],"about":[{"href":"https:\/\/marouti.ma\/index.php\/wp-json\/wp\/v2\/types\/product"}],"replies":[{"embeddable":true,"href":"https:\/\/marouti.ma\/index.php\/wp-json\/wp\/v2\/comments?post=15906"}],"version-history":[{"count":5,"href":"https:\/\/marouti.ma\/index.php\/wp-json\/wp\/v2\/product\/15906\/revisions"}],"predecessor-version":[{"id":16057,"href":"https:\/\/marouti.ma\/index.php\/wp-json\/wp\/v2\/product\/15906\/revisions\/16057"}],"wp:featuredmedia":[{"embeddable":true,"href":"https:\/\/marouti.ma\/index.php\/wp-json\/wp\/v2\/media\/16056"}],"wp:attachment":[{"href":"https:\/\/marouti.ma\/index.php\/wp-json\/wp\/v2\/media?parent=15906"}],"wp:term":[{"taxonomy":"product_cat","embeddable":true,"href":"https:\/\/marouti.ma\/index.php\/wp-json\/wp\/v2\/product_cat?post=15906"},{"taxonomy":"product_tag","embeddable":true,"href":"https:\/\/marouti.ma\/index.php\/wp-json\/wp\/v2\/product_tag?post=15906"}],"curies":[{"name":"wp","href":"https:\/\/api.w.org\/{rel}","templated":true}]}}