{"id":15897,"date":"2024-02-03T12:18:18","date_gmt":"2024-02-03T12:18:18","guid":{"rendered":"https:\/\/marouti.ma\/?post_type=product&#038;p=15897"},"modified":"2024-03-19T15:54:21","modified_gmt":"2024-03-19T15:54:21","slug":"vasque-en-marbre","status":"publish","type":"product","link":"https:\/\/marouti.ma\/index.php\/product\/vasque-en-marbre\/","title":{"rendered":"Vasque ronde en Marbre"},"content":{"rendered":"<div class=\"flex-1 overflow-hidden\">\n<div class=\"react-scroll-to-bottom--css-pqfae-79elbk h-full\">\n<div class=\"react-scroll-to-bottom--css-pqfae-1n7m0yu\">\n<div class=\"flex flex-col text-sm pb-9\">\n<div class=\"w-full text-token-text-primary\" data-testid=\"conversation-turn-7\">\n<div class=\"px-4 py-2 justify-center text-base md:gap-6 m-auto\">\n<div class=\"flex flex-1 text-base mx-auto gap-3 md:px-5 lg:px-1 xl:px-5 md:max-w-3xl lg:max-w-[40rem] xl:max-w-[48rem] group final-completion\">\n<div class=\"relative flex w-full flex-col agent-turn\">\n<div class=\"flex-col gap-1 md:gap-3\">\n<div class=\"flex flex-grow flex-col max-w-full\">\n<div class=\"min-h-[20px] text-message flex flex-col items-start gap-3 whitespace-pre-wrap break-words [.text-message+&amp;]:mt-5 overflow-x-auto\" data-message-author-role=\"assistant\" data-message-id=\"ccf13f7c-38dc-49de-8a5b-a2abb0f0966b\">\n<div class=\"markdown prose w-full break-words dark:prose-invert light\">\n<ul>\n<li>Vasque ronde \u00e0 poser en marbre.<\/li>\n<li>Dimensions: 445*445*135<\/li>\n<li>Lavabo Salle De Bain<\/li>\n<li>Install\u00e9 comme lavabo \u00e0 poser. Vous pouvez facilement installer ce lavabo \u00e0 poser sur n&rsquo;importe quelle surface plane, laissant un espace libre pour la conception de votre salle de bain personnelle. Vous pouvez d\u00e9cider vous-m\u00eame si cet \u00e9l\u00e9gant lavabo est install\u00e9 ind\u00e9pendamment sur une assiette ou sur un meuble pratique.<\/li>\n<\/ul>\n<\/div>\n<\/div>\n<\/div>\n<\/div>\n<\/div>\n<\/div>\n<\/div>\n<\/div>\n<\/div>\n<\/div>\n<\/div>\n<\/div>\n<div class=\"react-scroll-to-bottom--css-pqfae-79elbk h-full\">\n<div class=\"react-scroll-to-bottom--css-pqfae-1n7m0yu\">\n<div class=\"flex flex-col text-sm pb-9\">\n<div class=\"w-full text-token-text-primary\" data-testid=\"conversation-turn-5\">\n<div class=\"px-4 py-2 justify-center text-base md:gap-6 m-auto\">\n<div class=\"flex flex-1 text-base mx-auto gap-3 md:px-5 lg:px-1 xl:px-5 md:max-w-3xl lg:max-w-[40rem] xl:max-w-[48rem] group final-completion\">\n<div class=\"relative flex w-full flex-col agent-turn\">\n<div class=\"flex-col gap-1 md:gap-3\">\n<div class=\"flex flex-grow flex-col max-w-full\">\n<div class=\"min-h-[20px] text-message flex flex-col items-start gap-3 whitespace-pre-wrap break-words [.text-message+&amp;]:mt-5 overflow-x-auto\" data-message-author-role=\"assistant\" data-message-id=\"c3603279-44d1-4cb7-9423-b4909c0bff5c\"><\/div>\n<\/div>\n<div class=\"mt-1 flex justify-start gap-3 empty:hidden\"><\/div>\n<\/div>\n<\/div>\n<\/div>\n<\/div>\n<\/div>\n<\/div>\n<\/div>\n<\/div>\n","protected":false},"excerpt":{"rendered":"<p>Vasque ronde \u00e0 poser en marbre. Dimensions: 445*445*135 Lavabo Salle De Bain Install\u00e9 comme lavabo \u00e0 poser. Vous pouvez facilement<\/p>\n","protected":false},"featured_media":17385,"comment_status":"open","ping_status":"closed","template":"","meta":{"_themeisle_gutenberg_block_has_review":false,"_joinchat":[]},"product_cat":[581],"product_tag":[],"_links":{"self":[{"href":"https:\/\/marouti.ma\/index.php\/wp-json\/wp\/v2\/product\/15897"}],"collection":[{"href":"https:\/\/marouti.ma\/index.php\/wp-json\/wp\/v2\/product"}],"about":[{"href":"https:\/\/marouti.ma\/index.php\/wp-json\/wp\/v2\/types\/product"}],"replies":[{"embeddable":true,"href":"https:\/\/marouti.ma\/index.php\/wp-json\/wp\/v2\/comments?post=15897"}],"version-history":[{"count":7,"href":"https:\/\/marouti.ma\/index.php\/wp-json\/wp\/v2\/product\/15897\/revisions"}],"predecessor-version":[{"id":16869,"href":"https:\/\/marouti.ma\/index.php\/wp-json\/wp\/v2\/product\/15897\/revisions\/16869"}],"wp:featuredmedia":[{"embeddable":true,"href":"https:\/\/marouti.ma\/index.php\/wp-json\/wp\/v2\/media\/17385"}],"wp:attachment":[{"href":"https:\/\/marouti.ma\/index.php\/wp-json\/wp\/v2\/media?parent=15897"}],"wp:term":[{"taxonomy":"product_cat","embeddable":true,"href":"https:\/\/marouti.ma\/index.php\/wp-json\/wp\/v2\/product_cat?post=15897"},{"taxonomy":"product_tag","embeddable":true,"href":"https:\/\/marouti.ma\/index.php\/wp-json\/wp\/v2\/product_tag?post=15897"}],"curies":[{"name":"wp","href":"https:\/\/api.w.org\/{rel}","templated":true}]}}