{"id":15844,"date":"2024-02-03T09:07:26","date_gmt":"2024-02-03T09:07:26","guid":{"rendered":"https:\/\/marouti.ma\/?post_type=product&#038;p=15844"},"modified":"2024-12-24T11:04:18","modified_gmt":"2024-12-24T11:04:18","slug":"poubelle-noir-5l","status":"publish","type":"product","link":"https:\/\/marouti.ma\/index.php\/product\/poubelle-noir-5l\/","title":{"rendered":"Poubelle Noir 5L"},"content":{"rendered":"<ul>\n<li>Poubelle ronde avec couvercle \u00e0 fermeture lente,<\/li>\n<li>poubelle \u00e0 \u00e9tape r\u00e9sistante \u00e0 la rouille avec couvercle et bac \u00e0 ordures int\u00e9rieur amovible,<\/li>\n<li>poubelle pour votre cuisine ou votre salle de bain,<\/li>\n<li>poubelle avec une capacit\u00e9 de 5 litres, noir.<\/li>\n<\/ul>\n","protected":false},"excerpt":{"rendered":"<p>Poubelle ronde avec couvercle \u00e0 fermeture lente, poubelle \u00e0 \u00e9tape r\u00e9sistante \u00e0 la rouille avec couvercle et bac \u00e0 ordures<\/p>\n","protected":false},"featured_media":15846,"comment_status":"open","ping_status":"closed","template":"","meta":{"_themeisle_gutenberg_block_has_review":false,"_joinchat":[]},"product_cat":[570],"product_tag":[],"_links":{"self":[{"href":"https:\/\/marouti.ma\/index.php\/wp-json\/wp\/v2\/product\/15844"}],"collection":[{"href":"https:\/\/marouti.ma\/index.php\/wp-json\/wp\/v2\/product"}],"about":[{"href":"https:\/\/marouti.ma\/index.php\/wp-json\/wp\/v2\/types\/product"}],"replies":[{"embeddable":true,"href":"https:\/\/marouti.ma\/index.php\/wp-json\/wp\/v2\/comments?post=15844"}],"version-history":[{"count":2,"href":"https:\/\/marouti.ma\/index.php\/wp-json\/wp\/v2\/product\/15844\/revisions"}],"predecessor-version":[{"id":17802,"href":"https:\/\/marouti.ma\/index.php\/wp-json\/wp\/v2\/product\/15844\/revisions\/17802"}],"wp:featuredmedia":[{"embeddable":true,"href":"https:\/\/marouti.ma\/index.php\/wp-json\/wp\/v2\/media\/15846"}],"wp:attachment":[{"href":"https:\/\/marouti.ma\/index.php\/wp-json\/wp\/v2\/media?parent=15844"}],"wp:term":[{"taxonomy":"product_cat","embeddable":true,"href":"https:\/\/marouti.ma\/index.php\/wp-json\/wp\/v2\/product_cat?post=15844"},{"taxonomy":"product_tag","embeddable":true,"href":"https:\/\/marouti.ma\/index.php\/wp-json\/wp\/v2\/product_tag?post=15844"}],"curies":[{"name":"wp","href":"https:\/\/api.w.org\/{rel}","templated":true}]}}