{"id":15839,"date":"2024-02-02T17:28:20","date_gmt":"2024-02-02T17:28:20","guid":{"rendered":"https:\/\/marouti.ma\/?post_type=product&#038;p=15839"},"modified":"2024-12-24T11:07:18","modified_gmt":"2024-12-24T11:07:18","slug":"poubelle-dore-5l","status":"publish","type":"product","link":"https:\/\/marouti.ma\/index.php\/product\/poubelle-dore-5l\/","title":{"rendered":"Poubelle Dor\u00e9 5L"},"content":{"rendered":"<ul>\n<li>Poubelle Luxe \u00e0 p\u00e9dale &#8211; champagne or &#8211; m\u00e9tal &#8211; poubelle &#8211; 5 L &#8211; 5 litres\u00a0 &#8211; bureau &#8211; chambre &#8211; salle de bain &#8211; WC &#8211; cuisine<\/li>\n<li data-sourcepos=\"5:1-5:102\"><strong>Forme:<\/strong> La poubelle est de forme cylindrique, ce qui lui conf\u00e8re un aspect \u00e9l\u00e9gant et intemporel.<\/li>\n<li data-sourcepos=\"6:1-6:207\"><strong>Mat\u00e9riau:<\/strong> Elle est fabriqu\u00e9e en acier inoxydable, un mat\u00e9riau r\u00e9sistant \u00e0 la corrosion et facile \u00e0 nettoyer, ce qui en fait un choix id\u00e9al pour une utilisation en milieu humide comme une salle de bain.<\/li>\n<li data-sourcepos=\"7:1-7:174\"><strong>Couleur:<\/strong> La poubelle est de couleur dor\u00e9e, ce qui lui donne un aspect luxueux et contemporain. Cette couleur est souvent associ\u00e9e \u00e0 des int\u00e9rieurs modernes et \u00e9l\u00e9gants.<\/li>\n<li data-sourcepos=\"8:1-8:153\"><strong>M\u00e9canisme:<\/strong> La poubelle est \u00e9quip\u00e9e d&rsquo;un p\u00e9dalier, ce qui permet d&rsquo;ouvrir le couvercle sans utiliser les mains, assurant ainsi une hygi\u00e8ne optimale.<\/li>\n<li data-sourcepos=\"9:1-10:0\"><strong>Couverture:<\/strong> Le couvercle est herm\u00e9tique, ce qui emp\u00eache les odeurs de se r\u00e9pandre dans la pi\u00e8ce.<\/li>\n<\/ul>\n","protected":false},"excerpt":{"rendered":"<p>Poubelle Luxe \u00e0 p\u00e9dale &#8211; champagne or &#8211; m\u00e9tal &#8211; poubelle &#8211; 5 L &#8211; 5 litres\u00a0 &#8211; bureau &#8211;<\/p>\n","protected":false},"featured_media":15840,"comment_status":"open","ping_status":"closed","template":"","meta":{"_themeisle_gutenberg_block_has_review":false,"_joinchat":[]},"product_cat":[570],"product_tag":[],"_links":{"self":[{"href":"https:\/\/marouti.ma\/index.php\/wp-json\/wp\/v2\/product\/15839"}],"collection":[{"href":"https:\/\/marouti.ma\/index.php\/wp-json\/wp\/v2\/product"}],"about":[{"href":"https:\/\/marouti.ma\/index.php\/wp-json\/wp\/v2\/types\/product"}],"replies":[{"embeddable":true,"href":"https:\/\/marouti.ma\/index.php\/wp-json\/wp\/v2\/comments?post=15839"}],"version-history":[{"count":3,"href":"https:\/\/marouti.ma\/index.php\/wp-json\/wp\/v2\/product\/15839\/revisions"}],"predecessor-version":[{"id":17803,"href":"https:\/\/marouti.ma\/index.php\/wp-json\/wp\/v2\/product\/15839\/revisions\/17803"}],"wp:featuredmedia":[{"embeddable":true,"href":"https:\/\/marouti.ma\/index.php\/wp-json\/wp\/v2\/media\/15840"}],"wp:attachment":[{"href":"https:\/\/marouti.ma\/index.php\/wp-json\/wp\/v2\/media?parent=15839"}],"wp:term":[{"taxonomy":"product_cat","embeddable":true,"href":"https:\/\/marouti.ma\/index.php\/wp-json\/wp\/v2\/product_cat?post=15839"},{"taxonomy":"product_tag","embeddable":true,"href":"https:\/\/marouti.ma\/index.php\/wp-json\/wp\/v2\/product_tag?post=15839"}],"curies":[{"name":"wp","href":"https:\/\/api.w.org\/{rel}","templated":true}]}}