{"id":15832,"date":"2024-02-02T17:20:37","date_gmt":"2024-02-02T17:20:37","guid":{"rendered":"https:\/\/marouti.ma\/?post_type=product&#038;p=15832"},"modified":"2024-12-24T11:12:53","modified_gmt":"2024-12-24T11:12:53","slug":"poubelle-chrome-5l","status":"publish","type":"product","link":"https:\/\/marouti.ma\/index.php\/product\/poubelle-chrome-5l\/","title":{"rendered":"Poubelle Chrom\u00e9 5L"},"content":{"rendered":"<ul>\n<li class=\"b38yzx flV3Yn c1Kg6Qz gS1w88 c1Zr_dX\">Poubelle \u00e0 p\u00e9dale Inox 5L<\/li>\n<li data-sourcepos=\"5:1-5:101\"><strong>Forme:<\/strong> La poubelle est de forme cylindrique, ce qui lui conf\u00e8re un aspect simple et intemporel.<\/li>\n<li data-sourcepos=\"6:1-6:158\"><strong>Mat\u00e9riau:<\/strong> Elle est fabriqu\u00e9e en acier inoxydable, un mat\u00e9riau r\u00e9sistant \u00e0 la corrosion, facile \u00e0 nettoyer et qui donne un aspect brillant et hygi\u00e9nique.<\/li>\n<li data-sourcepos=\"7:1-7:115\"><strong>Couleur:<\/strong> La poubelle est de couleur argent\u00e9e, une couleur neutre qui s&rsquo;adapte \u00e0 tous les types de d\u00e9coration.<\/li>\n<li data-sourcepos=\"8:1-8:152\"><strong>M\u00e9canisme:<\/strong> La poubelle est \u00e9quip\u00e9e d&rsquo;une p\u00e9dale, ce qui permet d&rsquo;ouvrir le couvercle sans utiliser les mains, assurant ainsi une hygi\u00e8ne optimale.<\/li>\n<li data-sourcepos=\"9:1-10:0\"><strong>Couverture:<\/strong> Le couvercle est herm\u00e9tique, ce qui emp\u00eache les odeurs de se r\u00e9pandre dans la pi\u00e8ce.<\/li>\n<\/ul>\n","protected":false},"excerpt":{"rendered":"<p>Poubelle \u00e0 p\u00e9dale Inox 5L Forme: La poubelle est de forme cylindrique, ce qui lui conf\u00e8re un aspect simple et<\/p>\n","protected":false},"featured_media":15833,"comment_status":"open","ping_status":"closed","template":"","meta":{"_themeisle_gutenberg_block_has_review":false,"_joinchat":[]},"product_cat":[570],"product_tag":[],"_links":{"self":[{"href":"https:\/\/marouti.ma\/index.php\/wp-json\/wp\/v2\/product\/15832"}],"collection":[{"href":"https:\/\/marouti.ma\/index.php\/wp-json\/wp\/v2\/product"}],"about":[{"href":"https:\/\/marouti.ma\/index.php\/wp-json\/wp\/v2\/types\/product"}],"replies":[{"embeddable":true,"href":"https:\/\/marouti.ma\/index.php\/wp-json\/wp\/v2\/comments?post=15832"}],"version-history":[{"count":3,"href":"https:\/\/marouti.ma\/index.php\/wp-json\/wp\/v2\/product\/15832\/revisions"}],"predecessor-version":[{"id":17805,"href":"https:\/\/marouti.ma\/index.php\/wp-json\/wp\/v2\/product\/15832\/revisions\/17805"}],"wp:featuredmedia":[{"embeddable":true,"href":"https:\/\/marouti.ma\/index.php\/wp-json\/wp\/v2\/media\/15833"}],"wp:attachment":[{"href":"https:\/\/marouti.ma\/index.php\/wp-json\/wp\/v2\/media?parent=15832"}],"wp:term":[{"taxonomy":"product_cat","embeddable":true,"href":"https:\/\/marouti.ma\/index.php\/wp-json\/wp\/v2\/product_cat?post=15832"},{"taxonomy":"product_tag","embeddable":true,"href":"https:\/\/marouti.ma\/index.php\/wp-json\/wp\/v2\/product_tag?post=15832"}],"curies":[{"name":"wp","href":"https:\/\/api.w.org\/{rel}","templated":true}]}}