{"id":15825,"date":"2024-02-02T17:05:48","date_gmt":"2024-02-02T17:05:48","guid":{"rendered":"https:\/\/marouti.ma\/?post_type=product&#038;p=15825"},"modified":"2024-02-09T10:44:11","modified_gmt":"2024-02-09T10:44:11","slug":"poubelle-cendrier","status":"publish","type":"product","link":"https:\/\/marouti.ma\/index.php\/product\/poubelle-cendrier\/","title":{"rendered":"Poubelle cendrier Inox Public"},"content":{"rendered":"<ul>\n<li>Poubelle cendrier en acier inoxydable<\/li>\n<li>Poubelle 27L<\/li>\n<li>Pour une utilisation \u00e0 l&rsquo;int\u00e9rieur ou \u00e0 l&rsquo;ext\u00e9rieur.<\/li>\n<li>Id\u00e9ale pour les espaces tels que les ascenseurs, les couloirs, et les zones ext\u00e9rieures.<\/li>\n<\/ul>\n","protected":false},"excerpt":{"rendered":"<p>Poubelle cendrier en acier inoxydable Poubelle 27L Pour une utilisation \u00e0 l&rsquo;int\u00e9rieur ou \u00e0 l&rsquo;ext\u00e9rieur. Id\u00e9ale pour les espaces tels<\/p>\n","protected":false},"featured_media":15826,"comment_status":"open","ping_status":"closed","template":"","meta":{"_themeisle_gutenberg_block_has_review":false,"_joinchat":[]},"product_cat":[570],"product_tag":[],"_links":{"self":[{"href":"https:\/\/marouti.ma\/index.php\/wp-json\/wp\/v2\/product\/15825"}],"collection":[{"href":"https:\/\/marouti.ma\/index.php\/wp-json\/wp\/v2\/product"}],"about":[{"href":"https:\/\/marouti.ma\/index.php\/wp-json\/wp\/v2\/types\/product"}],"replies":[{"embeddable":true,"href":"https:\/\/marouti.ma\/index.php\/wp-json\/wp\/v2\/comments?post=15825"}],"version-history":[{"count":3,"href":"https:\/\/marouti.ma\/index.php\/wp-json\/wp\/v2\/product\/15825\/revisions"}],"predecessor-version":[{"id":16154,"href":"https:\/\/marouti.ma\/index.php\/wp-json\/wp\/v2\/product\/15825\/revisions\/16154"}],"wp:featuredmedia":[{"embeddable":true,"href":"https:\/\/marouti.ma\/index.php\/wp-json\/wp\/v2\/media\/15826"}],"wp:attachment":[{"href":"https:\/\/marouti.ma\/index.php\/wp-json\/wp\/v2\/media?parent=15825"}],"wp:term":[{"taxonomy":"product_cat","embeddable":true,"href":"https:\/\/marouti.ma\/index.php\/wp-json\/wp\/v2\/product_cat?post=15825"},{"taxonomy":"product_tag","embeddable":true,"href":"https:\/\/marouti.ma\/index.php\/wp-json\/wp\/v2\/product_tag?post=15825"}],"curies":[{"name":"wp","href":"https:\/\/api.w.org\/{rel}","templated":true}]}}