{"id":15817,"date":"2024-02-02T16:54:34","date_gmt":"2024-02-02T16:54:34","guid":{"rendered":"https:\/\/marouti.ma\/?post_type=product&#038;p=15817"},"modified":"2024-02-09T10:42:27","modified_gmt":"2024-02-09T10:42:27","slug":"poubelle-rectangulaire-avec-cendrier-en-acier-inoxydable","status":"publish","type":"product","link":"https:\/\/marouti.ma\/index.php\/product\/poubelle-rectangulaire-avec-cendrier-en-acier-inoxydable\/","title":{"rendered":"Poubelle rectangulaire avec cendrier en acier inoxydable"},"content":{"rendered":"<ul>\n<li id=\"title\" class=\"a-size-large a-spacing-none\"><span id=\"productTitle\" class=\"a-size-large product-title-word-break\">Poubelle 35L .<\/span><\/li>\n<li class=\"a-size-large a-spacing-none\"><span id=\"productTitle\" class=\"a-size-large product-title-word-break\">Acier inoxydable dans le hall.<\/span><\/li>\n<li class=\"a-size-large a-spacing-none\"><span id=\"productTitle\" class=\"a-size-large product-title-word-break\">Seau int\u00e9rieur galvanis\u00e9, pour les restaurants de l&rsquo;h\u00f4tel.<\/span><\/li>\n<\/ul>\n","protected":false},"excerpt":{"rendered":"<p>Poubelle 35L . Acier inoxydable dans le hall. Seau int\u00e9rieur galvanis\u00e9, pour les restaurants de l&rsquo;h\u00f4tel.<\/p>\n","protected":false},"featured_media":15821,"comment_status":"open","ping_status":"closed","template":"","meta":{"_themeisle_gutenberg_block_has_review":false,"_joinchat":[]},"product_cat":[570],"product_tag":[],"_links":{"self":[{"href":"https:\/\/marouti.ma\/index.php\/wp-json\/wp\/v2\/product\/15817"}],"collection":[{"href":"https:\/\/marouti.ma\/index.php\/wp-json\/wp\/v2\/product"}],"about":[{"href":"https:\/\/marouti.ma\/index.php\/wp-json\/wp\/v2\/types\/product"}],"replies":[{"embeddable":true,"href":"https:\/\/marouti.ma\/index.php\/wp-json\/wp\/v2\/comments?post=15817"}],"version-history":[{"count":3,"href":"https:\/\/marouti.ma\/index.php\/wp-json\/wp\/v2\/product\/15817\/revisions"}],"predecessor-version":[{"id":16152,"href":"https:\/\/marouti.ma\/index.php\/wp-json\/wp\/v2\/product\/15817\/revisions\/16152"}],"wp:featuredmedia":[{"embeddable":true,"href":"https:\/\/marouti.ma\/index.php\/wp-json\/wp\/v2\/media\/15821"}],"wp:attachment":[{"href":"https:\/\/marouti.ma\/index.php\/wp-json\/wp\/v2\/media?parent=15817"}],"wp:term":[{"taxonomy":"product_cat","embeddable":true,"href":"https:\/\/marouti.ma\/index.php\/wp-json\/wp\/v2\/product_cat?post=15817"},{"taxonomy":"product_tag","embeddable":true,"href":"https:\/\/marouti.ma\/index.php\/wp-json\/wp\/v2\/product_tag?post=15817"}],"curies":[{"name":"wp","href":"https:\/\/api.w.org\/{rel}","templated":true}]}}