{"id":15801,"date":"2024-02-02T15:42:54","date_gmt":"2024-02-02T15:42:54","guid":{"rendered":"https:\/\/marouti.ma\/?post_type=product&#038;p=15801"},"modified":"2024-12-24T11:44:55","modified_gmt":"2024-12-24T11:44:55","slug":"miroir-de-salle-de-bain-mural","status":"publish","type":"product","link":"https:\/\/marouti.ma\/index.php\/product\/miroir-de-salle-de-bain-mural\/","title":{"rendered":"Miroir de salle de bain mural"},"content":{"rendered":"<ul>\n<li>Miroir Led, \u00e9clairage frontal,<\/li>\n<li>Miroir grossissant, Option r\u00e9sistance antibu\u00e9e et Bluetooth.<\/li>\n<li data-sourcepos=\"5:1-5:132\"><strong>Forme:<\/strong> Le miroir est de forme rectangulaire, une forme classique et intemporelle qui s&rsquo;adapte \u00e0 la plupart des salles de bain.<\/li>\n<li data-sourcepos=\"6:1-6:215\"><strong>Mat\u00e9riau:<\/strong> Le cadre du miroir semble \u00eatre en aluminium ou en m\u00e9tal, ce qui lui conf\u00e8re un aspect contemporain et robuste. Le miroir lui-m\u00eame est en verre de haute qualit\u00e9, offrant une r\u00e9flexion claire et nette.<\/li>\n<li data-sourcepos=\"7:1-7:212\"><strong>\u00c9clairage LED:<\/strong> L&rsquo;\u00e9clairage LED est int\u00e9gr\u00e9 au miroir, cr\u00e9ant une lumi\u00e8re douce et uniforme. Les LED sont g\u00e9n\u00e9ralement positionn\u00e9es sur les c\u00f4t\u00e9s ou sur le contour du miroir, offrant un \u00e9clairage sans ombre.<\/li>\n<li data-sourcepos=\"8:1-8:151\"><strong>Installation:<\/strong> Le miroir est con\u00e7u pour \u00eatre fix\u00e9 au mur. Le syst\u00e8me d&rsquo;installation est g\u00e9n\u00e9ralement simple et ne n\u00e9cessite pas d&rsquo;outils sp\u00e9ciaux.<\/li>\n<\/ul>\n","protected":false},"excerpt":{"rendered":"<p>Miroir Led, \u00e9clairage frontal, Miroir grossissant, Option r\u00e9sistance antibu\u00e9e et Bluetooth. Forme: Le miroir est de forme rectangulaire, une forme<\/p>\n","protected":false},"featured_media":15813,"comment_status":"open","ping_status":"closed","template":"","meta":{"_themeisle_gutenberg_block_has_review":false,"_joinchat":[]},"product_cat":[573],"product_tag":[],"_links":{"self":[{"href":"https:\/\/marouti.ma\/index.php\/wp-json\/wp\/v2\/product\/15801"}],"collection":[{"href":"https:\/\/marouti.ma\/index.php\/wp-json\/wp\/v2\/product"}],"about":[{"href":"https:\/\/marouti.ma\/index.php\/wp-json\/wp\/v2\/types\/product"}],"replies":[{"embeddable":true,"href":"https:\/\/marouti.ma\/index.php\/wp-json\/wp\/v2\/comments?post=15801"}],"version-history":[{"count":4,"href":"https:\/\/marouti.ma\/index.php\/wp-json\/wp\/v2\/product\/15801\/revisions"}],"predecessor-version":[{"id":17807,"href":"https:\/\/marouti.ma\/index.php\/wp-json\/wp\/v2\/product\/15801\/revisions\/17807"}],"wp:featuredmedia":[{"embeddable":true,"href":"https:\/\/marouti.ma\/index.php\/wp-json\/wp\/v2\/media\/15813"}],"wp:attachment":[{"href":"https:\/\/marouti.ma\/index.php\/wp-json\/wp\/v2\/media?parent=15801"}],"wp:term":[{"taxonomy":"product_cat","embeddable":true,"href":"https:\/\/marouti.ma\/index.php\/wp-json\/wp\/v2\/product_cat?post=15801"},{"taxonomy":"product_tag","embeddable":true,"href":"https:\/\/marouti.ma\/index.php\/wp-json\/wp\/v2\/product_tag?post=15801"}],"curies":[{"name":"wp","href":"https:\/\/api.w.org\/{rel}","templated":true}]}}