{"id":15799,"date":"2024-02-02T15:29:53","date_gmt":"2024-02-02T15:29:53","guid":{"rendered":"https:\/\/marouti.ma\/?post_type=product&#038;p=15799"},"modified":"2024-12-24T12:05:45","modified_gmt":"2024-12-24T12:05:45","slug":"miroir-led-vertical-dressing-2","status":"publish","type":"product","link":"https:\/\/marouti.ma\/index.php\/product\/miroir-led-vertical-dressing-2\/","title":{"rendered":"Miroir Led ovale Vertical"},"content":{"rendered":"<div class=\"flex-1 overflow-hidden\">\n<div class=\"react-scroll-to-bottom--css-nsqpf-79elbk h-full\">\n<div class=\"react-scroll-to-bottom--css-nsqpf-1n7m0yu\">\n<div class=\"flex flex-col pb-9 text-sm\">\n<div class=\"w-full text-token-text-primary\" data-testid=\"conversation-turn-7\">\n<div class=\"px-4 py-2 justify-center text-base md:gap-6 m-auto\">\n<div class=\"flex flex-1 text-base mx-auto gap-3 md:px-5 lg:px-1 xl:px-5 md:max-w-3xl lg:max-w-[40rem] xl:max-w-[48rem] group final-completion\">\n<div class=\"relative flex w-full flex-col lg:w-[calc(100%-115px)] agent-turn\">\n<div class=\"flex-col gap-1 md:gap-3\">\n<div class=\"flex flex-grow flex-col max-w-full\">\n<div class=\"min-h-[20px] text-message flex flex-col items-start gap-3 whitespace-pre-wrap break-words [.text-message+&amp;]:mt-5 overflow-x-auto\" data-message-author-role=\"assistant\" data-message-id=\"310d3ca8-2591-4940-88e9-af9df5b7412a\">\n<div class=\"markdown prose w-full break-words dark:prose-invert light\">\n<ul>\n<li>Miroir mural ovale personnalis\u00e9 pour salle de bain avec \u00e9clairage LED et pleine longueur de visionnement.<\/li>\n<li>Miroir LED vertical pour dressing.<\/li>\n<\/ul>\n<\/div>\n<\/div>\n<\/div>\n<\/div>\n<\/div>\n<\/div>\n<\/div>\n<\/div>\n<\/div>\n<\/div>\n<\/div>\n<\/div>\n<ul>\n<li>Un ajout \u00e9l\u00e9gant et fonctionnel \u00e0 votre espace de pr\u00e9paration, avec un \u00e9clairage int\u00e9gr\u00e9 pour une visibilit\u00e9 optimale.<\/li>\n<\/ul>\n","protected":false},"excerpt":{"rendered":"<p>Miroir mural ovale personnalis\u00e9 pour salle de bain avec \u00e9clairage LED et pleine longueur de visionnement. Miroir LED vertical pour<\/p>\n","protected":false},"featured_media":15865,"comment_status":"open","ping_status":"closed","template":"","meta":{"_themeisle_gutenberg_block_has_review":false,"_joinchat":[]},"product_cat":[573],"product_tag":[],"_links":{"self":[{"href":"https:\/\/marouti.ma\/index.php\/wp-json\/wp\/v2\/product\/15799"}],"collection":[{"href":"https:\/\/marouti.ma\/index.php\/wp-json\/wp\/v2\/product"}],"about":[{"href":"https:\/\/marouti.ma\/index.php\/wp-json\/wp\/v2\/types\/product"}],"replies":[{"embeddable":true,"href":"https:\/\/marouti.ma\/index.php\/wp-json\/wp\/v2\/comments?post=15799"}],"version-history":[{"count":5,"href":"https:\/\/marouti.ma\/index.php\/wp-json\/wp\/v2\/product\/15799\/revisions"}],"predecessor-version":[{"id":17808,"href":"https:\/\/marouti.ma\/index.php\/wp-json\/wp\/v2\/product\/15799\/revisions\/17808"}],"wp:featuredmedia":[{"embeddable":true,"href":"https:\/\/marouti.ma\/index.php\/wp-json\/wp\/v2\/media\/15865"}],"wp:attachment":[{"href":"https:\/\/marouti.ma\/index.php\/wp-json\/wp\/v2\/media?parent=15799"}],"wp:term":[{"taxonomy":"product_cat","embeddable":true,"href":"https:\/\/marouti.ma\/index.php\/wp-json\/wp\/v2\/product_cat?post=15799"},{"taxonomy":"product_tag","embeddable":true,"href":"https:\/\/marouti.ma\/index.php\/wp-json\/wp\/v2\/product_tag?post=15799"}],"curies":[{"name":"wp","href":"https:\/\/api.w.org\/{rel}","templated":true}]}}