{"id":15794,"date":"2024-02-02T15:27:06","date_gmt":"2024-02-02T15:27:06","guid":{"rendered":"https:\/\/marouti.ma\/?post_type=product&#038;p=15794"},"modified":"2024-02-09T10:51:00","modified_gmt":"2024-02-09T10:51:00","slug":"miroir-led-vertical-dressing","status":"publish","type":"product","link":"https:\/\/marouti.ma\/index.php\/product\/miroir-led-vertical-dressing\/","title":{"rendered":"Miroir Led en verre ovale"},"content":{"rendered":"<ul>\n<li>Miroir intelligent \u00e0 LED sans cadre, de grande taille, en verre ovale pour la salle de bains.<\/li>\n<li>Miroir LED vertical pour dressing offre un \u00e9clairage int\u00e9gr\u00e9 et une \u00e9l\u00e9gance moderne, id\u00e9al pour votre espace de rangement.<\/li>\n<\/ul>\n","protected":false},"excerpt":{"rendered":"<p>Miroir intelligent \u00e0 LED sans cadre, de grande taille, en verre ovale pour la salle de bains. Miroir LED vertical<\/p>\n","protected":false},"featured_media":15866,"comment_status":"open","ping_status":"closed","template":"","meta":{"_themeisle_gutenberg_block_has_review":false,"_joinchat":[]},"product_cat":[573],"product_tag":[],"_links":{"self":[{"href":"https:\/\/marouti.ma\/index.php\/wp-json\/wp\/v2\/product\/15794"}],"collection":[{"href":"https:\/\/marouti.ma\/index.php\/wp-json\/wp\/v2\/product"}],"about":[{"href":"https:\/\/marouti.ma\/index.php\/wp-json\/wp\/v2\/types\/product"}],"replies":[{"embeddable":true,"href":"https:\/\/marouti.ma\/index.php\/wp-json\/wp\/v2\/comments?post=15794"}],"version-history":[{"count":3,"href":"https:\/\/marouti.ma\/index.php\/wp-json\/wp\/v2\/product\/15794\/revisions"}],"predecessor-version":[{"id":16158,"href":"https:\/\/marouti.ma\/index.php\/wp-json\/wp\/v2\/product\/15794\/revisions\/16158"}],"wp:featuredmedia":[{"embeddable":true,"href":"https:\/\/marouti.ma\/index.php\/wp-json\/wp\/v2\/media\/15866"}],"wp:attachment":[{"href":"https:\/\/marouti.ma\/index.php\/wp-json\/wp\/v2\/media?parent=15794"}],"wp:term":[{"taxonomy":"product_cat","embeddable":true,"href":"https:\/\/marouti.ma\/index.php\/wp-json\/wp\/v2\/product_cat?post=15794"},{"taxonomy":"product_tag","embeddable":true,"href":"https:\/\/marouti.ma\/index.php\/wp-json\/wp\/v2\/product_tag?post=15794"}],"curies":[{"name":"wp","href":"https:\/\/api.w.org\/{rel}","templated":true}]}}