{"id":15784,"date":"2024-02-02T14:56:58","date_gmt":"2024-02-02T14:56:58","guid":{"rendered":"https:\/\/marouti.ma\/?post_type=product&#038;p=15784"},"modified":"2024-02-09T10:56:09","modified_gmt":"2024-02-09T10:56:09","slug":"miroir-salle-de-bain-led-avec-touche-tactile","status":"publish","type":"product","link":"https:\/\/marouti.ma\/index.php\/product\/miroir-salle-de-bain-led-avec-touche-tactile\/","title":{"rendered":"Miroir salle de bain LED Vertical"},"content":{"rendered":"<ul>\n<li>Miroir salle de bain LED Vertical avec touche tactile.<\/li>\n<li>Miroir avec lampe LED int\u00e9gr\u00e9e sans cadre.<\/li>\n<li class=\"-fs20 -pts -pbxs\">Miroir mural pour salle de bain de taille moyenne.<\/li>\n<li class=\"-fs20 -pts -pbxs\">Dot\u00e9 d&rsquo;un \u00e9clairage LED int\u00e9gr\u00e9 et activ\u00e9 par touche tactile, offrant une option moderne et pratique pour l&rsquo;illumination et la fonctionnalit\u00e9 dans votre espace de bain.<\/li>\n<\/ul>\n","protected":false},"excerpt":{"rendered":"<p>Miroir salle de bain LED Vertical avec touche tactile. Miroir avec lampe LED int\u00e9gr\u00e9e sans cadre. Miroir mural pour salle<\/p>\n","protected":false},"featured_media":15867,"comment_status":"open","ping_status":"closed","template":"","meta":{"_themeisle_gutenberg_block_has_review":false,"_joinchat":[]},"product_cat":[573],"product_tag":[],"_links":{"self":[{"href":"https:\/\/marouti.ma\/index.php\/wp-json\/wp\/v2\/product\/15784"}],"collection":[{"href":"https:\/\/marouti.ma\/index.php\/wp-json\/wp\/v2\/product"}],"about":[{"href":"https:\/\/marouti.ma\/index.php\/wp-json\/wp\/v2\/types\/product"}],"replies":[{"embeddable":true,"href":"https:\/\/marouti.ma\/index.php\/wp-json\/wp\/v2\/comments?post=15784"}],"version-history":[{"count":4,"href":"https:\/\/marouti.ma\/index.php\/wp-json\/wp\/v2\/product\/15784\/revisions"}],"predecessor-version":[{"id":16161,"href":"https:\/\/marouti.ma\/index.php\/wp-json\/wp\/v2\/product\/15784\/revisions\/16161"}],"wp:featuredmedia":[{"embeddable":true,"href":"https:\/\/marouti.ma\/index.php\/wp-json\/wp\/v2\/media\/15867"}],"wp:attachment":[{"href":"https:\/\/marouti.ma\/index.php\/wp-json\/wp\/v2\/media?parent=15784"}],"wp:term":[{"taxonomy":"product_cat","embeddable":true,"href":"https:\/\/marouti.ma\/index.php\/wp-json\/wp\/v2\/product_cat?post=15784"},{"taxonomy":"product_tag","embeddable":true,"href":"https:\/\/marouti.ma\/index.php\/wp-json\/wp\/v2\/product_tag?post=15784"}],"curies":[{"name":"wp","href":"https:\/\/api.w.org\/{rel}","templated":true}]}}