{"id":15775,"date":"2024-02-02T14:29:31","date_gmt":"2024-02-02T14:29:31","guid":{"rendered":"https:\/\/marouti.ma\/?post_type=product&#038;p=15775"},"modified":"2024-02-09T10:15:35","modified_gmt":"2024-02-09T10:15:35","slug":"brosse-wc-chrome","status":"publish","type":"product","link":"https:\/\/marouti.ma\/index.php\/product\/brosse-wc-chrome\/","title":{"rendered":"Brosse WC Inox"},"content":{"rendered":"<ul>\n<li>Porte-brosse WC Inox.<\/li>\n<li>\n<p id=\"title\" class=\"a-size-large a-spacing-none\"><span id=\"productTitle\" class=\"a-size-large product-title-word-break\">Brosse \u00e0 Toilettes carr\u00e9e avec Support &#8211; Salle de Bain<\/span><\/p>\n<\/li>\n<li><span class=\"a-list-item\">Brosse \u00e0 toilettes avec support.<\/span><\/li>\n<li><span class=\"a-list-item\">En acier inoxydable durable et r\u00e9sistant \u00e0 la corrosion, avec finition chrom\u00e9e<\/span><\/li>\n<\/ul>\n","protected":false},"excerpt":{"rendered":"<p>Porte-brosse WC Inox. Brosse \u00e0 Toilettes carr\u00e9e avec Support &#8211; Salle de Bain Brosse \u00e0 toilettes avec support. En acier<\/p>\n","protected":false},"featured_media":16142,"comment_status":"open","ping_status":"closed","template":"","meta":{"_themeisle_gutenberg_block_has_review":false,"_joinchat":[]},"product_cat":[572],"product_tag":[],"_links":{"self":[{"href":"https:\/\/marouti.ma\/index.php\/wp-json\/wp\/v2\/product\/15775"}],"collection":[{"href":"https:\/\/marouti.ma\/index.php\/wp-json\/wp\/v2\/product"}],"about":[{"href":"https:\/\/marouti.ma\/index.php\/wp-json\/wp\/v2\/types\/product"}],"replies":[{"embeddable":true,"href":"https:\/\/marouti.ma\/index.php\/wp-json\/wp\/v2\/comments?post=15775"}],"version-history":[{"count":3,"href":"https:\/\/marouti.ma\/index.php\/wp-json\/wp\/v2\/product\/15775\/revisions"}],"predecessor-version":[{"id":16143,"href":"https:\/\/marouti.ma\/index.php\/wp-json\/wp\/v2\/product\/15775\/revisions\/16143"}],"wp:featuredmedia":[{"embeddable":true,"href":"https:\/\/marouti.ma\/index.php\/wp-json\/wp\/v2\/media\/16142"}],"wp:attachment":[{"href":"https:\/\/marouti.ma\/index.php\/wp-json\/wp\/v2\/media?parent=15775"}],"wp:term":[{"taxonomy":"product_cat","embeddable":true,"href":"https:\/\/marouti.ma\/index.php\/wp-json\/wp\/v2\/product_cat?post=15775"},{"taxonomy":"product_tag","embeddable":true,"href":"https:\/\/marouti.ma\/index.php\/wp-json\/wp\/v2\/product_tag?post=15775"}],"curies":[{"name":"wp","href":"https:\/\/api.w.org\/{rel}","templated":true}]}}