{"id":15767,"date":"2024-02-02T12:01:41","date_gmt":"2024-02-02T12:01:41","guid":{"rendered":"https:\/\/marouti.ma\/?post_type=product&#038;p=15767"},"modified":"2024-02-08T10:15:00","modified_gmt":"2024-02-08T10:15:00","slug":"porte-serviette-chrome","status":"publish","type":"product","link":"https:\/\/marouti.ma\/index.php\/product\/porte-serviette-chrome\/","title":{"rendered":"Porte Serviette en acier inoxydable 40cm"},"content":{"rendered":"<ul>\n<li>R\u00e9sistants &#8211; Fabriqu\u00e9s en acier inoxydable 304 de haute qualit\u00e9, ces supports de serviettes assurent durabilit\u00e9 et qualit\u00e9. Le rail de serviette est fini en chrome et mesure 40 cm, id\u00e9al pour les espaces restreints.<\/li>\n<li>UTILISATIONS &#8211; Parfait pour les chambres, salles de bains, cuisines, buanderies, terrasses, ainsi que pour les h\u00f4tels de luxe et les spas.<\/li>\n<li>INSTALLATION FACILE &#8211; Livr\u00e9 en une seule pi\u00e8ce, sans besoin d&rsquo;assemblage. Le mat\u00e9riel de fixation est inclus dans l&#8217;emballage.<\/li>\n<\/ul>\n","protected":false},"excerpt":{"rendered":"<p>R\u00e9sistants &#8211; Fabriqu\u00e9s en acier inoxydable 304 de haute qualit\u00e9, ces supports de serviettes assurent durabilit\u00e9 et qualit\u00e9. Le rail<\/p>\n","protected":false},"featured_media":15768,"comment_status":"open","ping_status":"closed","template":"","meta":{"_themeisle_gutenberg_block_has_review":false,"_joinchat":[]},"product_cat":[569],"product_tag":[],"_links":{"self":[{"href":"https:\/\/marouti.ma\/index.php\/wp-json\/wp\/v2\/product\/15767"}],"collection":[{"href":"https:\/\/marouti.ma\/index.php\/wp-json\/wp\/v2\/product"}],"about":[{"href":"https:\/\/marouti.ma\/index.php\/wp-json\/wp\/v2\/types\/product"}],"replies":[{"embeddable":true,"href":"https:\/\/marouti.ma\/index.php\/wp-json\/wp\/v2\/comments?post=15767"}],"version-history":[{"count":3,"href":"https:\/\/marouti.ma\/index.php\/wp-json\/wp\/v2\/product\/15767\/revisions"}],"predecessor-version":[{"id":16035,"href":"https:\/\/marouti.ma\/index.php\/wp-json\/wp\/v2\/product\/15767\/revisions\/16035"}],"wp:featuredmedia":[{"embeddable":true,"href":"https:\/\/marouti.ma\/index.php\/wp-json\/wp\/v2\/media\/15768"}],"wp:attachment":[{"href":"https:\/\/marouti.ma\/index.php\/wp-json\/wp\/v2\/media?parent=15767"}],"wp:term":[{"taxonomy":"product_cat","embeddable":true,"href":"https:\/\/marouti.ma\/index.php\/wp-json\/wp\/v2\/product_cat?post=15767"},{"taxonomy":"product_tag","embeddable":true,"href":"https:\/\/marouti.ma\/index.php\/wp-json\/wp\/v2\/product_tag?post=15767"}],"curies":[{"name":"wp","href":"https:\/\/api.w.org\/{rel}","templated":true}]}}