{"id":15755,"date":"2024-02-02T11:25:29","date_gmt":"2024-02-02T11:25:29","guid":{"rendered":"https:\/\/marouti.ma\/?post_type=product&#038;p=15755"},"modified":"2024-12-24T12:25:06","modified_gmt":"2024-12-24T12:25:06","slug":"support-wc-en-metal-noir-avec-bambou-naturel","status":"publish","type":"product","link":"https:\/\/marouti.ma\/index.php\/product\/support-wc-en-metal-noir-avec-bambou-naturel\/","title":{"rendered":"Support WC en m\u00e9tal noir avec bambou naturel"},"content":{"rendered":"<ul>\n<li>Combinaison pratique pour WC : support 2-en-1 avec brosse et d\u00e9rouleur de papier toilette. Socle \u00e9l\u00e9gant en m\u00e9tal noir brillant avec finition en bambou naturel, installation facile, se pose simplement dans les toilettes.<\/li>\n<li>un porte-papier toilette et une brosse de toilettes combin\u00e9s.<\/li>\n<li>Le design est moderne et minimaliste, avec une combinaison de m\u00e9tal noir et de bois clair.<\/li>\n<li data-sourcepos=\"5:1-5:237\"><strong>Structure principale :<\/strong> Un support m\u00e9tallique noir, fin et \u00e9l\u00e9gant, sert de colonne centrale. Il est surmont\u00e9 d&rsquo;une barre horizontale en bois clair, l\u00e9g\u00e8rement incurv\u00e9e, qui permet de suspendre plusieurs rouleaux de papier toilette.<\/li>\n<li data-sourcepos=\"6:1-6:229\"><strong>Brosse de toilettes :<\/strong> \u00c0 la base du support, on trouve un r\u00e9cipient cylindrique en plastique noir, destin\u00e9 \u00e0 contenir la brosse de toilettes. Le manche de la brosse est \u00e9galement en bois clair, assorti \u00e0 la barre sup\u00e9rieure.<\/li>\n<li data-sourcepos=\"7:1-8:0\"><strong>Base :<\/strong> Le porte-papier repose sur une base circulaire plate, \u00e9galement en m\u00e9tal noir, qui assure sa stabilit\u00e9.<\/li>\n<\/ul>\n","protected":false},"excerpt":{"rendered":"<p>Combinaison pratique pour WC : support 2-en-1 avec brosse et d\u00e9rouleur de papier toilette. Socle \u00e9l\u00e9gant en m\u00e9tal noir brillant<\/p>\n","protected":false},"featured_media":15756,"comment_status":"open","ping_status":"closed","template":"","meta":{"_themeisle_gutenberg_block_has_review":false,"_joinchat":[]},"product_cat":[572],"product_tag":[],"_links":{"self":[{"href":"https:\/\/marouti.ma\/index.php\/wp-json\/wp\/v2\/product\/15755"}],"collection":[{"href":"https:\/\/marouti.ma\/index.php\/wp-json\/wp\/v2\/product"}],"about":[{"href":"https:\/\/marouti.ma\/index.php\/wp-json\/wp\/v2\/types\/product"}],"replies":[{"embeddable":true,"href":"https:\/\/marouti.ma\/index.php\/wp-json\/wp\/v2\/comments?post=15755"}],"version-history":[{"count":3,"href":"https:\/\/marouti.ma\/index.php\/wp-json\/wp\/v2\/product\/15755\/revisions"}],"predecessor-version":[{"id":17810,"href":"https:\/\/marouti.ma\/index.php\/wp-json\/wp\/v2\/product\/15755\/revisions\/17810"}],"wp:featuredmedia":[{"embeddable":true,"href":"https:\/\/marouti.ma\/index.php\/wp-json\/wp\/v2\/media\/15756"}],"wp:attachment":[{"href":"https:\/\/marouti.ma\/index.php\/wp-json\/wp\/v2\/media?parent=15755"}],"wp:term":[{"taxonomy":"product_cat","embeddable":true,"href":"https:\/\/marouti.ma\/index.php\/wp-json\/wp\/v2\/product_cat?post=15755"},{"taxonomy":"product_tag","embeddable":true,"href":"https:\/\/marouti.ma\/index.php\/wp-json\/wp\/v2\/product_tag?post=15755"}],"curies":[{"name":"wp","href":"https:\/\/api.w.org\/{rel}","templated":true}]}}