{"id":17032,"date":"2024-03-09T09:28:08","date_gmt":"2024-03-09T09:28:08","guid":{"rendered":"https:\/\/marouti.ma\/?page_id=17032"},"modified":"2024-03-09T10:59:19","modified_gmt":"2024-03-09T10:59:19","slug":"promo","status":"publish","type":"page","link":"https:\/\/marouti.ma\/index.php\/promo\/","title":{"rendered":"Promotion"},"content":{"rendered":"\t\t<div data-elementor-type=\"wp-page\" data-elementor-id=\"17032\" class=\"elementor elementor-17032\">\n\t\t\t\t\t\t<section class=\"elementor-section elementor-top-section elementor-element elementor-element-84fc8a5 elementor-section-content-middle elementor-section-boxed elementor-section-height-default elementor-section-height-default\" data-id=\"84fc8a5\" data-element_type=\"section\">\n\t\t\t\t\t\t<div class=\"elementor-container elementor-column-gap-extended\">\n\t\t\t\t\t<div class=\"elementor-column elementor-col-66 elementor-top-column elementor-element elementor-element-7ecce3db\" data-id=\"7ecce3db\" data-element_type=\"column\">\n\t\t\t<div class=\"elementor-widget-wrap elementor-element-populated\">\n\t\t\t\t\t\t<div class=\"elementor-element elementor-element-1524e1e6 elementor-widget elementor-widget-wd_image_or_svg\" data-id=\"1524e1e6\" data-element_type=\"widget\" data-widget_type=\"wd_image_or_svg.default\">\n\t\t\t\t<div class=\"elementor-widget-container\">\n\t\t\t\t\t\n\t\t<div class=\"wd-image text-center\">\n\t\t\t\t\t\t\t\t<img fetchpriority=\"high\" decoding=\"async\" width=\"413\" height=\"500\" src=\"https:\/\/marouti.ma\/wp-content\/uploads\/2024\/03\/705302_446417895407701_7500076_o.jpg\" class=\"attachment-full size-full\" alt=\"\" srcset=\"https:\/\/marouti.ma\/wp-content\/uploads\/2024\/03\/705302_446417895407701_7500076_o.jpg 413w, https:\/\/marouti.ma\/wp-content\/uploads\/2024\/03\/705302_446417895407701_7500076_o-248x300.jpg 248w, https:\/\/marouti.ma\/wp-content\/uploads\/2024\/03\/705302_446417895407701_7500076_o-661x800.jpg 661w, https:\/\/marouti.ma\/wp-content\/uploads\/2024\/03\/705302_446417895407701_7500076_o-768x930.jpg 768w, https:\/\/marouti.ma\/wp-content\/uploads\/2024\/03\/705302_446417895407701_7500076_o-860x1041.jpg 860w, https:\/\/marouti.ma\/wp-content\/uploads\/2024\/03\/705302_446417895407701_7500076_o-430x520.jpg 430w, https:\/\/marouti.ma\/wp-content\/uploads\/2024\/03\/705302_446417895407701_7500076_o-700x847.jpg 700w, https:\/\/marouti.ma\/wp-content\/uploads\/2024\/03\/705302_446417895407701_7500076_o-150x182.jpg 150w\" sizes=\"(max-width: 413px) 100vw, 413px\" \/>\t\t\t\t\t<\/div>\n\n\t\t\t\t\t\t<\/div>\n\t\t\t\t<\/div>\n\t\t\t\t\t<\/div>\n\t\t<\/div>\n\t\t\t\t<div class=\"elementor-column elementor-col-33 elementor-top-column elementor-element elementor-element-7b4bd27f\" data-id=\"7b4bd27f\" data-element_type=\"column\">\n\t\t\t<div class=\"elementor-widget-wrap elementor-element-populated\">\n\t\t\t\t\t\t<div class=\"elementor-element elementor-element-331e43c2 wd-width-100 elementor-widget elementor-widget-wd_title\" data-id=\"331e43c2\" data-element_type=\"widget\" data-widget_type=\"wd_title.default\">\n\t\t\t\t<div class=\"elementor-widget-container\">\n\t\t\t\t\t\t\t<div class=\"title-wrapper set-mb-s reset-last-child wd-title-color-black wd-title-style-image wd-title-size-extra-large text-left\">\n\n\t\t\t\n\t\t\t<div class=\"liner-continer\">\n\t\t\t\t<h4 class=\"woodmart-title-container title wd-fontsize-xxxl\">Promotion Marouti<\/h4> \n\t\t\t\t\t\t\t<\/div>\n\n\t\t\t\t\t\t\t<div class=\"title-after_title set-cont-mb-s reset-last-child wd-fontsize-s\">\n\t\t\t\t\t<p>Cher(e) client(e),<\/p><p>Nous sommes ravis de vous informer que notre site web sera bient\u00f4t mis \u00e0 jour avec de passionnantes promotions et toutes les informations dont vous avez besoin seront affich\u00e9es sur cette page. Restez \u00e0 l'aff\u00fbt pour ne rien manquer !<\/p><p>Nous sommes impatients de vous offrir des offres sp\u00e9ciales et des nouvelles excitantes. Merci de votre fid\u00e9lit\u00e9 et de votre int\u00e9r\u00eat pour nos produits et services.<\/p><p>\u00c0 tr\u00e8s bient\u00f4t sur notre site !<\/p><p>Cordialement,<\/p>\t\t\t\t<\/div>\n\t\t\t\t\t<\/div>\n\t\t\t\t\t\t<\/div>\n\t\t\t\t<\/div>\n\t\t\t\t\t<\/div>\n\t\t<\/div>\n\t\t\t\t\t<\/div>\n\t\t<\/section>\n\t\t\t\t<\/div>\n\t\t","protected":false},"excerpt":{"rendered":"<p>Promotion Marouti Cher(e) client(e), Nous sommes ravis de vous informer que notre site web sera bient\u00f4t mis \u00e0 jour avec<\/p>\n","protected":false},"author":2,"featured_media":0,"parent":0,"menu_order":0,"comment_status":"closed","ping_status":"closed","template":"","meta":{"_themeisle_gutenberg_block_has_review":false,"footnotes":"","_joinchat":[]},"_hostinger_reach_plugin_has_subscription_block":false,"_hostinger_reach_plugin_is_elementor":false,"_links":{"self":[{"href":"https:\/\/marouti.ma\/index.php\/wp-json\/wp\/v2\/pages\/17032"}],"collection":[{"href":"https:\/\/marouti.ma\/index.php\/wp-json\/wp\/v2\/pages"}],"about":[{"href":"https:\/\/marouti.ma\/index.php\/wp-json\/wp\/v2\/types\/page"}],"author":[{"embeddable":true,"href":"https:\/\/marouti.ma\/index.php\/wp-json\/wp\/v2\/users\/2"}],"replies":[{"embeddable":true,"href":"https:\/\/marouti.ma\/index.php\/wp-json\/wp\/v2\/comments?post=17032"}],"version-history":[{"count":8,"href":"https:\/\/marouti.ma\/index.php\/wp-json\/wp\/v2\/pages\/17032\/revisions"}],"predecessor-version":[{"id":17049,"href":"https:\/\/marouti.ma\/index.php\/wp-json\/wp\/v2\/pages\/17032\/revisions\/17049"}],"wp:attachment":[{"href":"https:\/\/marouti.ma\/index.php\/wp-json\/wp\/v2\/media?parent=17032"}],"curies":[{"name":"wp","href":"https:\/\/api.w.org\/{rel}","templated":true}]}}