{"id":16788,"date":"2024-02-21T14:44:52","date_gmt":"2024-02-21T14:44:52","guid":{"rendered":"https:\/\/marouti.ma\/?page_id=16788"},"modified":"2024-03-09T11:05:32","modified_gmt":"2024-03-09T11:05:32","slug":"notre-marque","status":"publish","type":"page","link":"https:\/\/marouti.ma\/index.php\/notre-marque\/","title":{"rendered":"Notre marque"},"content":{"rendered":"\t\t<div data-elementor-type=\"wp-page\" data-elementor-id=\"16788\" class=\"elementor elementor-16788\">\n\t\t\t\t\t\t<section class=\"elementor-section elementor-top-section elementor-element elementor-element-17a0ce55 wd-section-stretch elementor-section-content-top elementor-section-boxed elementor-section-height-default elementor-section-height-default\" data-id=\"17a0ce55\" data-element_type=\"section\" data-settings=\"{&quot;background_background&quot;:&quot;classic&quot;}\">\n\t\t\t\t\t\t<div class=\"elementor-container elementor-column-gap-extended\">\n\t\t\t\t\t<div class=\"elementor-column elementor-col-25 elementor-top-column elementor-element elementor-element-682464e7\" data-id=\"682464e7\" data-element_type=\"column\">\n\t\t\t<div class=\"elementor-widget-wrap elementor-element-populated\">\n\t\t\t\t\t\t<div class=\"elementor-element elementor-element-1228ffaa elementor-widget elementor-widget-wd_image_or_svg\" data-id=\"1228ffaa\" data-element_type=\"widget\" data-widget_type=\"wd_image_or_svg.default\">\n\t\t\t\t<div class=\"elementor-widget-container\">\n\t\t\t\t\t\n\t\t<div class=\"wd-image text-left\">\n\t\t\t\t\t\t\t\t<img fetchpriority=\"high\" decoding=\"async\" width=\"512\" height=\"512\" src=\"https:\/\/marouti.ma\/wp-content\/uploads\/2024\/02\/cropped-358643020_781066230482437_259625395205402184_n.jpg\" class=\"attachment-full size-full\" alt=\"\" srcset=\"https:\/\/marouti.ma\/wp-content\/uploads\/2024\/02\/cropped-358643020_781066230482437_259625395205402184_n.jpg 512w, https:\/\/marouti.ma\/wp-content\/uploads\/2024\/02\/cropped-358643020_781066230482437_259625395205402184_n-300x300.jpg 300w, https:\/\/marouti.ma\/wp-content\/uploads\/2024\/02\/cropped-358643020_781066230482437_259625395205402184_n-150x150.jpg 150w, https:\/\/marouti.ma\/wp-content\/uploads\/2024\/02\/cropped-358643020_781066230482437_259625395205402184_n-430x430.jpg 430w, https:\/\/marouti.ma\/wp-content\/uploads\/2024\/02\/cropped-358643020_781066230482437_259625395205402184_n-270x270.jpg 270w, https:\/\/marouti.ma\/wp-content\/uploads\/2024\/02\/cropped-358643020_781066230482437_259625395205402184_n-192x192.jpg 192w, https:\/\/marouti.ma\/wp-content\/uploads\/2024\/02\/cropped-358643020_781066230482437_259625395205402184_n-180x180.jpg 180w, https:\/\/marouti.ma\/wp-content\/uploads\/2024\/02\/cropped-358643020_781066230482437_259625395205402184_n-32x32.jpg 32w, https:\/\/marouti.ma\/wp-content\/uploads\/2024\/02\/cropped-358643020_781066230482437_259625395205402184_n-64x64.jpg 64w\" sizes=\"(max-width: 512px) 100vw, 512px\" \/>\t\t\t\t\t<\/div>\n\n\t\t\t\t\t\t<\/div>\n\t\t\t\t<\/div>\n\t\t\t\t\t<\/div>\n\t\t<\/div>\n\t\t\t\t<div class=\"elementor-column elementor-col-50 elementor-top-column elementor-element elementor-element-4c796558\" data-id=\"4c796558\" data-element_type=\"column\">\n\t\t\t<div class=\"elementor-widget-wrap elementor-element-populated\">\n\t\t\t\t\t\t<div class=\"elementor-element elementor-element-404fd705 wd-width-100 elementor-widget elementor-widget-wd_title\" data-id=\"404fd705\" data-element_type=\"widget\" data-widget_type=\"wd_title.default\">\n\t\t\t\t<div class=\"elementor-widget-container\">\n\t\t\t\t\t\t\t<div class=\"title-wrapper set-mb-s reset-last-child wd-title-color-primary wd-title-style-underlined wd-title-size-default text-left\">\n\n\t\t\t\n\t\t\t<div class=\"liner-continer\">\n\t\t\t\t<h4 class=\"woodmart-title-container title wd-fontsize-l\">Notre Marque<\/h4> \n\t\t\t\t\t\t\t<\/div>\n\n\t\t\t\t\t<\/div>\n\t\t\t\t\t\t<\/div>\n\t\t\t\t<\/div>\n\t\t\t\t<div class=\"elementor-element elementor-element-11fb9a1c elementor-widget elementor-widget-wd_text_block\" data-id=\"11fb9a1c\" data-element_type=\"widget\" data-widget_type=\"wd_text_block.default\">\n\t\t\t\t<div class=\"elementor-widget-container\">\n\t\t\t\t\t\t\t<div class=\"wd-text-block reset-last-child text-left\">\n\t\t\t\n\t\t\t<h3>Marouti \"Build your home\"\u00a0<\/h3><p>D\u00e9couvrez Marouti Build Your Dream - Votre Partenaire Sanitaire depuis 2012<\/p><p>Bienvenue chez Marouti Build Your Dream, la marque marocaine sp\u00e9cialis\u00e9e dans le domaine du sanitaire depuis 2012. Depuis nos d\u00e9buts, nous nous engageons \u00e0 offrir \u00e0 nos clients des produits de qualit\u00e9 sup\u00e9rieure et des solutions innovantes pour leurs projets de construction et de r\u00e9novation.<\/p><p>Chez Marouti, nous croyons que chaque projet m\u00e9rite une attention particuli\u00e8re et un souci du d\u00e9tail. C'est pourquoi nous nous effor\u00e7ons continuellement de repousser les limites de la conception et de la fonctionnalit\u00e9, tout en tenant compte des tendances et des besoins changeants de nos clients.<\/p><p>Que vous recherchiez des solutions \u00e9l\u00e9gantes pour votre salle de bains, des accessoires fonctionnels pour votre cuisine, ou des innovations \u00e9cologiques pour une maison plus durable, Marouti est l\u00e0 pour vous accompagner \u00e0 chaque \u00e9tape de votre projet.<\/p><p>Notre \u00e9quipe d\u00e9vou\u00e9e est toujours \u00e0 l'\u00e9coute de vos besoins et est pr\u00eate \u00e0 vous conseiller sur les meilleures options disponibles pour concr\u00e9tiser vos r\u00eaves. Avec une gamme diversifi\u00e9e de produits et une expertise approfondie dans le domaine, nous sommes fiers de vous offrir des solutions sur mesure qui r\u00e9pondent \u00e0 vos exigences les plus \u00e9lev\u00e9es.<\/p><p>Explorez notre gamme de produits et laissez Marouti vous aider \u00e0 cr\u00e9er l'espace sanitaire de vos r\u00eaves. Nous sommes impatients de collaborer avec vous et de transformer vos id\u00e9es en r\u00e9alit\u00e9.<\/p><p>\u00a0<\/p>\n\t\t\t\t\t<\/div>\n\t\t\t\t\t\t<\/div>\n\t\t\t\t<\/div>\n\t\t\t\t\t<\/div>\n\t\t<\/div>\n\t\t\t\t<div class=\"elementor-column elementor-col-25 elementor-top-column elementor-element elementor-element-7db2bcb7\" data-id=\"7db2bcb7\" data-element_type=\"column\">\n\t\t\t<div class=\"elementor-widget-wrap elementor-element-populated\">\n\t\t\t\t\t\t<div class=\"elementor-element elementor-element-125038ad elementor-widget elementor-widget-wd_text_block\" data-id=\"125038ad\" data-element_type=\"widget\" data-widget_type=\"wd_text_block.default\">\n\t\t\t\t<div class=\"elementor-widget-container\">\n\t\t\t\t\t\t\t<div class=\"wd-text-block reset-last-child text-left\">\n\t\t\t\n\t\t\t<h4>Nos autres marque:<\/h4><p>M.arti<\/p><p>Novelli\u00a0<\/p><p>Maretini<\/p><p>\u00a0<\/p>\n\t\t\t\t\t<\/div>\n\t\t\t\t\t\t<\/div>\n\t\t\t\t<\/div>\n\t\t\t\t\t<\/div>\n\t\t<\/div>\n\t\t\t\t\t<\/div>\n\t\t<\/section>\n\t\t\t\t<\/div>\n\t\t","protected":false},"excerpt":{"rendered":"<p>Notre Marque Marouti \u00ab\u00a0Build your home\u00a0\u00bb\u00a0 D\u00e9couvrez Marouti Build Your Dream &#8211; Votre Partenaire Sanitaire depuis 2012 Bienvenue chez Marouti<\/p>\n","protected":false},"author":2,"featured_media":0,"parent":0,"menu_order":0,"comment_status":"closed","ping_status":"closed","template":"","meta":{"_themeisle_gutenberg_block_has_review":false,"footnotes":"","_joinchat":[]},"_hostinger_reach_plugin_has_subscription_block":false,"_hostinger_reach_plugin_is_elementor":false,"_links":{"self":[{"href":"https:\/\/marouti.ma\/index.php\/wp-json\/wp\/v2\/pages\/16788"}],"collection":[{"href":"https:\/\/marouti.ma\/index.php\/wp-json\/wp\/v2\/pages"}],"about":[{"href":"https:\/\/marouti.ma\/index.php\/wp-json\/wp\/v2\/types\/page"}],"author":[{"embeddable":true,"href":"https:\/\/marouti.ma\/index.php\/wp-json\/wp\/v2\/users\/2"}],"replies":[{"embeddable":true,"href":"https:\/\/marouti.ma\/index.php\/wp-json\/wp\/v2\/comments?post=16788"}],"version-history":[{"count":10,"href":"https:\/\/marouti.ma\/index.php\/wp-json\/wp\/v2\/pages\/16788\/revisions"}],"predecessor-version":[{"id":16800,"href":"https:\/\/marouti.ma\/index.php\/wp-json\/wp\/v2\/pages\/16788\/revisions\/16800"}],"wp:attachment":[{"href":"https:\/\/marouti.ma\/index.php\/wp-json\/wp\/v2\/media?parent=16788"}],"curies":[{"name":"wp","href":"https:\/\/api.w.org\/{rel}","templated":true}]}}