{"id":16586,"date":"2024-02-13T16:46:54","date_gmt":"2024-02-13T16:46:54","guid":{"rendered":"https:\/\/marouti.ma\/?page_id=16586"},"modified":"2024-02-16T10:20:57","modified_gmt":"2024-02-16T10:20:57","slug":"livraison","status":"publish","type":"page","link":"https:\/\/marouti.ma\/index.php\/livraison\/","title":{"rendered":"Livraison"},"content":{"rendered":"\t\t<div data-elementor-type=\"wp-page\" data-elementor-id=\"16586\" class=\"elementor elementor-16586\">\n\t\t\t\t\t\t<section class=\"elementor-section elementor-top-section elementor-element elementor-element-6879b47a elementor-section-content-middle elementor-section-boxed elementor-section-height-default elementor-section-height-default\" data-id=\"6879b47a\" data-element_type=\"section\">\n\t\t\t\t\t\t<div class=\"elementor-container elementor-column-gap-wide\">\n\t\t\t\t\t<div class=\"elementor-column elementor-col-50 elementor-top-column elementor-element elementor-element-6aa8be64\" data-id=\"6aa8be64\" data-element_type=\"column\">\n\t\t\t<div class=\"elementor-widget-wrap elementor-element-populated\">\n\t\t\t\t\t\t<div class=\"elementor-element elementor-element-2f118289 elementor-widget elementor-widget-image\" data-id=\"2f118289\" data-element_type=\"widget\" data-widget_type=\"image.default\">\n\t\t\t\t<div class=\"elementor-widget-container\">\n\t\t\t\t\t\t\t\t\t\t\t\t\t\t\t<img fetchpriority=\"high\" decoding=\"async\" width=\"500\" height=\"480\" src=\"https:\/\/marouti.ma\/wp-content\/uploads\/2024\/02\/558957c2612bb9f4d36879bd1b67bd49-Photoroom.jpg\" class=\"attachment-full size-full wp-image-16606\" alt=\"\" srcset=\"https:\/\/marouti.ma\/wp-content\/uploads\/2024\/02\/558957c2612bb9f4d36879bd1b67bd49-Photoroom.jpg 500w, https:\/\/marouti.ma\/wp-content\/uploads\/2024\/02\/558957c2612bb9f4d36879bd1b67bd49-Photoroom-312x300.jpg 312w, https:\/\/marouti.ma\/wp-content\/uploads\/2024\/02\/558957c2612bb9f4d36879bd1b67bd49-Photoroom-430x413.jpg 430w, https:\/\/marouti.ma\/wp-content\/uploads\/2024\/02\/558957c2612bb9f4d36879bd1b67bd49-Photoroom-150x144.jpg 150w\" sizes=\"(max-width: 500px) 100vw, 500px\" \/>\t\t\t\t\t\t\t\t\t\t\t\t\t\t\t<\/div>\n\t\t\t\t<\/div>\n\t\t\t\t\t<\/div>\n\t\t<\/div>\n\t\t\t\t<div class=\"elementor-column elementor-col-50 elementor-top-column elementor-element elementor-element-8065976\" data-id=\"8065976\" data-element_type=\"column\">\n\t\t\t<div class=\"elementor-widget-wrap elementor-element-populated\">\n\t\t\t\t\t\t<div class=\"elementor-element elementor-element-b94d2c2 wd-width-100 elementor-widget elementor-widget-wd_title\" data-id=\"b94d2c2\" data-element_type=\"widget\" data-widget_type=\"wd_title.default\">\n\t\t\t\t<div class=\"elementor-widget-container\">\n\t\t\t\t\t\t\t<div class=\"title-wrapper set-mb-s reset-last-child wd-title-color-default wd-title-style-default wd-title-size-default text-left\">\n\n\t\t\t\n\t\t\t<div class=\"liner-continer\">\n\t\t\t\t<h4 class=\"woodmart-title-container title wd-fontsize-l\">Livraison et Exp\u00e9dition<\/h4> \n\t\t\t\t\t\t\t<\/div>\n\n\t\t\t\t\t\t\t<div class=\"title-after_title set-cont-mb-s reset-last-child wd-fontsize-xs\">\n\t\t\t\t\t<p>Bienvenue sur notre page de livraison et exp\u00e9dition. Nous nous engageons \u00e0 vous offrir un service de livraison rapide, fiable et s\u00e9curis\u00e9 pour que vous puissiez profiter de vos achats en toute tranquillit\u00e9.<\/p>\t\t\t\t<\/div>\n\t\t\t\t\t<\/div>\n\t\t\t\t\t\t<\/div>\n\t\t\t\t<\/div>\n\t\t\t\t<section class=\"elementor-section elementor-inner-section elementor-element elementor-element-7715cc8c elementor-section-boxed elementor-section-height-default elementor-section-height-default\" data-id=\"7715cc8c\" data-element_type=\"section\">\n\t\t\t\t\t\t<div class=\"elementor-container elementor-column-gap-default\">\n\t\t\t\t\t<div class=\"elementor-column elementor-col-50 elementor-inner-column elementor-element elementor-element-3285eac9\" data-id=\"3285eac9\" data-element_type=\"column\">\n\t\t\t<div class=\"elementor-widget-wrap elementor-element-populated\">\n\t\t\t\t\t\t<div class=\"elementor-element elementor-element-5ab9cbb1 color-scheme-inherit text-left elementor-widget elementor-widget-text-editor\" data-id=\"5ab9cbb1\" data-element_type=\"widget\" data-widget_type=\"text-editor.default\">\n\t\t\t\t<div class=\"elementor-widget-container\">\n\t\t\t\t\t\t\t\t\t<p><strong><span class=\"color-primary\">1. <\/span><\/strong><strong>D\u00e9lais de Livraison<\/strong><\/p>\t\t\t\t\t\t\t\t<\/div>\n\t\t\t\t<\/div>\n\t\t\t\t<div class=\"elementor-element elementor-element-27ed7f8f color-scheme-inherit text-left elementor-widget elementor-widget-text-editor\" data-id=\"27ed7f8f\" data-element_type=\"widget\" data-widget_type=\"text-editor.default\">\n\t\t\t\t<div class=\"elementor-widget-container\">\n\t\t\t\t\t\t\t\t\t<p>Nous nous effor\u00e7ons de traiter et d&rsquo;exp\u00e9dier votre commande dans les plus brefs d\u00e9lais. Les d\u00e9lais de livraison varient en fonction de votre emplacement et du mode de livraison choisi lors du passage de la commande. Vous pouvez consulter les d\u00e9lais estim\u00e9s lors du processus de paiement.\u00a0\u00a0<\/p>\t\t\t\t\t\t\t\t<\/div>\n\t\t\t\t<\/div>\n\t\t\t\t\t<\/div>\n\t\t<\/div>\n\t\t\t\t<div class=\"elementor-column elementor-col-50 elementor-inner-column elementor-element elementor-element-1de4c9\" data-id=\"1de4c9\" data-element_type=\"column\">\n\t\t\t<div class=\"elementor-widget-wrap elementor-element-populated\">\n\t\t\t\t\t\t<div class=\"elementor-element elementor-element-7ed1b223 color-scheme-inherit text-left elementor-widget elementor-widget-text-editor\" data-id=\"7ed1b223\" data-element_type=\"widget\" data-widget_type=\"text-editor.default\">\n\t\t\t\t<div class=\"elementor-widget-container\">\n\t\t\t\t\t\t\t\t\t<p><strong><span class=\"color-primary\">2.<\/span><\/strong> <strong>Frais de Livraison<\/strong><\/p>\t\t\t\t\t\t\t\t<\/div>\n\t\t\t\t<\/div>\n\t\t\t\t<div class=\"elementor-element elementor-element-37599c8b color-scheme-inherit text-left elementor-widget elementor-widget-text-editor\" data-id=\"37599c8b\" data-element_type=\"widget\" data-widget_type=\"text-editor.default\">\n\t\t\t\t<div class=\"elementor-widget-container\">\n\t\t\t\t\t\t\t\t\t<p>Les frais de livraison sont calcul\u00e9s en fonction du poids de votre commande, de votre adresse de livraison et du mode de livraison s\u00e9lectionn\u00e9. Les frais exacts seront indiqu\u00e9s lors du processus de paiement avant la finalisation de votre commande.<\/p>\t\t\t\t\t\t\t\t<\/div>\n\t\t\t\t<\/div>\n\t\t\t\t\t<\/div>\n\t\t<\/div>\n\t\t\t\t\t<\/div>\n\t\t<\/section>\n\t\t\t\t<section class=\"elementor-section elementor-inner-section elementor-element elementor-element-23006d8 elementor-section-boxed elementor-section-height-default elementor-section-height-default\" data-id=\"23006d8\" data-element_type=\"section\">\n\t\t\t\t\t\t<div class=\"elementor-container elementor-column-gap-default\">\n\t\t\t\t\t<div class=\"elementor-column elementor-col-50 elementor-inner-column elementor-element elementor-element-dd44d68\" data-id=\"dd44d68\" data-element_type=\"column\">\n\t\t\t<div class=\"elementor-widget-wrap elementor-element-populated\">\n\t\t\t\t\t\t<div class=\"elementor-element elementor-element-35e5a2c0 color-scheme-inherit text-left elementor-widget elementor-widget-text-editor\" data-id=\"35e5a2c0\" data-element_type=\"widget\" data-widget_type=\"text-editor.default\">\n\t\t\t\t<div class=\"elementor-widget-container\">\n\t\t\t\t\t\t\t\t\t<p><strong><span class=\"color-primary\">3.<\/span><\/strong> <strong>Suivi de Commande<\/strong><\/p>\t\t\t\t\t\t\t\t<\/div>\n\t\t\t\t<\/div>\n\t\t\t\t<div class=\"elementor-element elementor-element-2a29aad1 color-scheme-inherit text-left elementor-widget elementor-widget-text-editor\" data-id=\"2a29aad1\" data-element_type=\"widget\" data-widget_type=\"text-editor.default\">\n\t\t\t\t<div class=\"elementor-widget-container\">\n\t\t\t\t\t\t\t\t\t<p>Une fois votre commande exp\u00e9di\u00e9e, vous recevrez un e-mail de confirmation d&rsquo;exp\u00e9dition contenant un num\u00e9ro de suivi. Vous pourrez ainsi suivre l&rsquo;acheminement de votre colis jusqu&rsquo;\u00e0 sa livraison \u00e0 votre domicile.<\/p>\t\t\t\t\t\t\t\t<\/div>\n\t\t\t\t<\/div>\n\t\t\t\t\t<\/div>\n\t\t<\/div>\n\t\t\t\t<div class=\"elementor-column elementor-col-50 elementor-inner-column elementor-element elementor-element-405b84ac\" data-id=\"405b84ac\" data-element_type=\"column\">\n\t\t\t<div class=\"elementor-widget-wrap elementor-element-populated\">\n\t\t\t\t\t\t<div class=\"elementor-element elementor-element-435ff31e color-scheme-inherit text-left elementor-widget elementor-widget-text-editor\" data-id=\"435ff31e\" data-element_type=\"widget\" data-widget_type=\"text-editor.default\">\n\t\t\t\t<div class=\"elementor-widget-container\">\n\t\t\t\t\t\t\t\t\t<p><strong><span class=\"color-primary\">4.<\/span><\/strong> <strong>Retards de Livraison<\/strong><\/p>\t\t\t\t\t\t\t\t<\/div>\n\t\t\t\t<\/div>\n\t\t\t\t<div class=\"elementor-element elementor-element-574e9d49 color-scheme-inherit text-left elementor-widget elementor-widget-text-editor\" data-id=\"574e9d49\" data-element_type=\"widget\" data-widget_type=\"text-editor.default\">\n\t\t\t\t<div class=\"elementor-widget-container\">\n\t\t\t\t\t\t\t\t\t<p>En cas de retard de livraison, veuillez nous contacter imm\u00e9diatement. Nous ferons tout notre possible pour r\u00e9soudre la situation et assurer la livraison de votre commande dans les meilleurs d\u00e9lais.<\/p>\t\t\t\t\t\t\t\t<\/div>\n\t\t\t\t<\/div>\n\t\t\t\t\t<\/div>\n\t\t<\/div>\n\t\t\t\t\t<\/div>\n\t\t<\/section>\n\t\t\t\t<div class=\"elementor-element elementor-element-5cc746 elementor-widget elementor-widget-wd_button\" data-id=\"5cc746\" data-element_type=\"widget\" data-widget_type=\"wd_button.default\">\n\t\t\t\t<div class=\"elementor-widget-container\">\n\t\t\t\t\t\t\t<div class=\"wd-button-wrapper text-left\" >\n\t\t\t<a class=\"btn btn-style-default btn-style-rectangle btn-size-default btn-color-primary btn-icon-pos-right\"  href=\"#\">\n\t\t\t\t<span class=\"wd-btn-text\" data-elementor-setting-key=\"text\">\n\t\t\t\t\tVoir Plus\t\t\t\t<\/span>\n\n\t\t\t\t\t\t\t<\/a>\n\t\t<\/div>\n\t\t\t\t\t\t<\/div>\n\t\t\t\t<\/div>\n\t\t\t\t\t<\/div>\n\t\t<\/div>\n\t\t\t\t\t<\/div>\n\t\t<\/section>\n\t\t\t\t<\/div>\n\t\t","protected":false},"excerpt":{"rendered":"<p>Livraison et Exp\u00e9dition Bienvenue sur notre page de livraison et exp\u00e9dition. Nous nous engageons \u00e0 vous offrir un service de<\/p>\n","protected":false},"author":2,"featured_media":0,"parent":0,"menu_order":0,"comment_status":"closed","ping_status":"closed","template":"","meta":{"_themeisle_gutenberg_block_has_review":false,"footnotes":"","_joinchat":[]},"_hostinger_reach_plugin_has_subscription_block":false,"_hostinger_reach_plugin_is_elementor":false,"_links":{"self":[{"href":"https:\/\/marouti.ma\/index.php\/wp-json\/wp\/v2\/pages\/16586"}],"collection":[{"href":"https:\/\/marouti.ma\/index.php\/wp-json\/wp\/v2\/pages"}],"about":[{"href":"https:\/\/marouti.ma\/index.php\/wp-json\/wp\/v2\/types\/page"}],"author":[{"embeddable":true,"href":"https:\/\/marouti.ma\/index.php\/wp-json\/wp\/v2\/users\/2"}],"replies":[{"embeddable":true,"href":"https:\/\/marouti.ma\/index.php\/wp-json\/wp\/v2\/comments?post=16586"}],"version-history":[{"count":22,"href":"https:\/\/marouti.ma\/index.php\/wp-json\/wp\/v2\/pages\/16586\/revisions"}],"predecessor-version":[{"id":16727,"href":"https:\/\/marouti.ma\/index.php\/wp-json\/wp\/v2\/pages\/16586\/revisions\/16727"}],"wp:attachment":[{"href":"https:\/\/marouti.ma\/index.php\/wp-json\/wp\/v2\/media?parent=16586"}],"curies":[{"name":"wp","href":"https:\/\/api.w.org\/{rel}","templated":true}]}}