{"id":16570,"date":"2024-02-13T15:56:18","date_gmt":"2024-02-13T15:56:18","guid":{"rendered":"https:\/\/marouti.ma\/?page_id=16570"},"modified":"2024-02-16T17:26:00","modified_gmt":"2024-02-16T17:26:00","slug":"retour-et-remboursement","status":"publish","type":"page","link":"https:\/\/marouti.ma\/index.php\/retour-et-remboursement\/","title":{"rendered":"Retour et Remboursement"},"content":{"rendered":"\t\t<div data-elementor-type=\"wp-page\" data-elementor-id=\"16570\" class=\"elementor elementor-16570\">\n\t\t\t\t\t\t<section class=\"elementor-section elementor-top-section elementor-element elementor-element-2f8ad16a elementor-section-boxed elementor-section-height-default elementor-section-height-default\" data-id=\"2f8ad16a\" data-element_type=\"section\">\n\t\t\t\t\t\t<div class=\"elementor-container elementor-column-gap-default\">\n\t\t\t\t\t<div class=\"elementor-column elementor-col-33 elementor-top-column elementor-element elementor-element-3b5e27e7\" data-id=\"3b5e27e7\" data-element_type=\"column\">\n\t\t\t<div class=\"elementor-widget-wrap elementor-element-populated\">\n\t\t\t\t\t\t<div class=\"elementor-element elementor-element-a5933d1 elementor-widget elementor-widget-wd_text_block\" data-id=\"a5933d1\" data-element_type=\"widget\" data-widget_type=\"wd_text_block.default\">\n\t\t\t\t<div class=\"elementor-widget-container\">\n\t\t\t\t\t\t\t<div class=\"wd-text-block reset-last-child text-left\">\n\t\t\t\n\t\t\t<h4><strong>Retours et \u00c9changes<\/strong><\/h4><p>Nous voulons que vous soyez enti\u00e8rement satisfait de votre achat sur notre site Marouti.ma. Si pour une raison quelconque vous n'\u00eates pas satisfait de votre commande, nous sommes l\u00e0 pour vous aider.<\/p>\n\t\t\t\t\t<\/div>\n\t\t\t\t\t\t<\/div>\n\t\t\t\t<\/div>\n\t\t\t\t\t<\/div>\n\t\t<\/div>\n\t\t\t\t<div class=\"elementor-column elementor-col-33 elementor-top-column elementor-element elementor-element-1a8556f2\" data-id=\"1a8556f2\" data-element_type=\"column\">\n\t\t\t<div class=\"elementor-widget-wrap elementor-element-populated\">\n\t\t\t\t\t\t<div class=\"elementor-element elementor-element-51041221 elementor-widget elementor-widget-wd_text_block\" data-id=\"51041221\" data-element_type=\"widget\" data-widget_type=\"wd_text_block.default\">\n\t\t\t\t<div class=\"elementor-widget-container\">\n\t\t\t\t\t\t\t<div class=\"wd-text-block reset-last-child text-left\">\n\t\t\t\n\t\t\t<h4><strong>D\u00e9lai de Retour<\/strong><\/h4><p>Vous disposez de [nombre de jours] jours \u00e0 compter de la r\u00e9ception de votre commande pour initier un retour ou un \u00e9change.<\/p><h4><strong>\u00c9tapes \u00e0 Suivre pour le Retour<\/strong><\/h4><ol><li>Contactez notre service client\u00e8le par t\u00e9l\u00e9phone au +212 6 48 20 86 33ou par e-mail \u00e0 marouti.dg@gmail.com pour obtenir un num\u00e9ro de retour.<\/li><li>Emballez soigneusement les articles que vous souhaitez retourner dans leur emballage d'origine, avec tous les accessoires et les \u00e9tiquettes.<\/li><li>Incluez une copie de votre facture ou de votre confirmation de commande dans le colis.<\/li><li>Envoyez le colis \u00e0 l'adresse suivante : [33, Boulevard Farabi, AV Iben Al Haytam, Quartier Sidi Brahim].<\/li><\/ol>\n\t\t\t\t\t<\/div>\n\t\t\t\t\t\t<\/div>\n\t\t\t\t<\/div>\n\t\t\t\t\t<\/div>\n\t\t<\/div>\n\t\t\t\t<div class=\"elementor-column elementor-col-33 elementor-top-column elementor-element elementor-element-7a07355b\" data-id=\"7a07355b\" data-element_type=\"column\">\n\t\t\t<div class=\"elementor-widget-wrap elementor-element-populated\">\n\t\t\t\t\t\t<div class=\"elementor-element elementor-element-342fd702 elementor-widget__width-initial elementor-widget elementor-widget-wd_text_block\" data-id=\"342fd702\" data-element_type=\"widget\" data-widget_type=\"wd_text_block.default\">\n\t\t\t\t<div class=\"elementor-widget-container\">\n\t\t\t\t\t\t\t<div class=\"wd-text-block reset-last-child text-left\">\n\t\t\t\n\t\t\t<h4><strong>Politique de Remboursement<\/strong><\/h4><p>Nous proc\u00e9derons au remboursement d\u00e8s r\u00e9ception et inspection des articles retourn\u00e9s. Les remboursements seront effectu\u00e9s selon le mode de paiement initial utilis\u00e9 lors de l'achat.<\/p><h4><strong>\u00c9change de Produits<\/strong><\/h4><p>Si vous souhaitez \u00e9changer un article, veuillez suivre la m\u00eame proc\u00e9dure de retour et passer une nouvelle commande pour le produit souhait\u00e9.<\/p><h4><strong>Exceptions<\/strong><\/h4><p>Certains articles, tels que les produits personnalis\u00e9s ou les articles en vente finale, ne sont pas \u00e9ligibles au retour ou \u00e0 l'\u00e9change, sauf en cas de d\u00e9faut ou de non-conformit\u00e9.<\/p><p>\u00a0<\/p><p>Pour toute question suppl\u00e9mentaire sur notre politique de retour et d'\u00e9change, n'h\u00e9sitez pas \u00e0 nous contacter. Nous sommes l\u00e0 pour vous aider \u00e0 tout moment.<\/p>\n\t\t\t\t\t<\/div>\n\t\t\t\t\t\t<\/div>\n\t\t\t\t<\/div>\n\t\t\t\t\t<\/div>\n\t\t<\/div>\n\t\t\t\t\t<\/div>\n\t\t<\/section>\n\t\t\t\t<\/div>\n\t\t","protected":false},"excerpt":{"rendered":"<p>Retours et \u00c9changes Nous voulons que vous soyez enti\u00e8rement satisfait de votre achat sur notre site Marouti.ma. Si pour une<\/p>\n","protected":false},"author":2,"featured_media":0,"parent":0,"menu_order":0,"comment_status":"closed","ping_status":"closed","template":"","meta":{"_themeisle_gutenberg_block_has_review":false,"footnotes":"","_joinchat":[]},"_hostinger_reach_plugin_has_subscription_block":false,"_hostinger_reach_plugin_is_elementor":false,"_links":{"self":[{"href":"https:\/\/marouti.ma\/index.php\/wp-json\/wp\/v2\/pages\/16570"}],"collection":[{"href":"https:\/\/marouti.ma\/index.php\/wp-json\/wp\/v2\/pages"}],"about":[{"href":"https:\/\/marouti.ma\/index.php\/wp-json\/wp\/v2\/types\/page"}],"author":[{"embeddable":true,"href":"https:\/\/marouti.ma\/index.php\/wp-json\/wp\/v2\/users\/2"}],"replies":[{"embeddable":true,"href":"https:\/\/marouti.ma\/index.php\/wp-json\/wp\/v2\/comments?post=16570"}],"version-history":[{"count":8,"href":"https:\/\/marouti.ma\/index.php\/wp-json\/wp\/v2\/pages\/16570\/revisions"}],"predecessor-version":[{"id":16657,"href":"https:\/\/marouti.ma\/index.php\/wp-json\/wp\/v2\/pages\/16570\/revisions\/16657"}],"wp:attachment":[{"href":"https:\/\/marouti.ma\/index.php\/wp-json\/wp\/v2\/media?parent=16570"}],"curies":[{"name":"wp","href":"https:\/\/api.w.org\/{rel}","templated":true}]}}