{"id":16277,"date":"2024-02-12T08:28:24","date_gmt":"2024-02-12T08:28:24","guid":{"rendered":"https:\/\/marouti.ma\/?page_id=16277"},"modified":"2024-04-05T10:30:38","modified_gmt":"2024-04-05T10:30:38","slug":"showroom","status":"publish","type":"page","link":"https:\/\/marouti.ma\/index.php\/showroom\/","title":{"rendered":"Showroom"},"content":{"rendered":"\t\t<div data-elementor-type=\"wp-page\" data-elementor-id=\"16277\" class=\"elementor elementor-16277\">\n\t\t\t\t\t\t<section class=\"elementor-section elementor-top-section elementor-element elementor-element-2845d3e5 elementor-section-boxed elementor-section-height-default elementor-section-height-default\" data-id=\"2845d3e5\" data-element_type=\"section\">\n\t\t\t\t\t\t<div class=\"elementor-container elementor-column-gap-default\">\n\t\t\t\t\t<div class=\"elementor-column elementor-col-66 elementor-top-column elementor-element elementor-element-36b34037\" data-id=\"36b34037\" data-element_type=\"column\">\n\t\t\t<div class=\"elementor-widget-wrap elementor-element-populated\">\n\t\t\t\t\t\t<div class=\"elementor-element elementor-element-417692e6 wd-width-100 elementor-widget elementor-widget-wd_title\" data-id=\"417692e6\" data-element_type=\"widget\" data-widget_type=\"wd_title.default\">\n\t\t\t\t<div class=\"elementor-widget-container\">\n\t\t\t\t\t\t\t<div class=\"title-wrapper set-mb-s reset-last-child wd-title-color-default wd-title-style-default wd-title-size-extra-large text-left\">\n\n\t\t\t\n\t\t\t<div class=\"liner-continer\">\n\t\t\t\t<h4 class=\"woodmart-title-container title wd-fontsize-xxxl\">MAROUTI Showroom<\/h4> \n\t\t\t\t\t\t\t<\/div>\n\n\t\t\t\t\t\t\t<div class=\"title-after_title set-cont-mb-s reset-last-child wd-fontsize-s\">\n\t\t\t\t\t<p><strong>Nous vous invitons \u00e0 d\u00e9couvrir notre showroom exclusif d\u00e9di\u00e9 aux articles sanitaires, o\u00f9 le raffinement et l'\u00e9l\u00e9gance se conjuguent harmonieusement \u00e0 la fonctionnalit\u00e9. Plongez dans notre s\u00e9lection exquise de robinetterie, de douches, de baignoires et bien plus encore, minutieusement choisie pour r\u00e9pondre \u00e0 toutes les<\/strong> <strong>aspirations esth\u00e9tiques et fonctionnelles.\u00a0<\/strong><\/p>\t\t\t\t<\/div>\n\t\t\t\t\t<\/div>\n\t\t\t\t\t\t<\/div>\n\t\t\t\t<\/div>\n\t\t\t\t<div class=\"elementor-element elementor-element-5557dd18 elementor-widget__width-auto elementor-widget elementor-widget-wd_image_or_svg\" data-id=\"5557dd18\" data-element_type=\"widget\" data-widget_type=\"wd_image_or_svg.default\">\n\t\t\t\t<div class=\"elementor-widget-container\">\n\t\t\t\t\t\n\t\t<div class=\"wd-image text-left\">\n\t\t\t\t\t\t\t<a  href=\"#\">\n\t\t\t\t\t\t\t\t<img decoding=\"async\" width=\"64\" height=\"64\" src=\"https:\/\/marouti.ma\/wp-content\/uploads\/2024\/02\/cropped-358643020_781066230482437_259625395205402184_n-64x64.jpg\" class=\"attachment-64x64 size-64x64\" alt=\"\" srcset=\"https:\/\/marouti.ma\/wp-content\/uploads\/2024\/02\/cropped-358643020_781066230482437_259625395205402184_n-64x64.jpg 64w, https:\/\/marouti.ma\/wp-content\/uploads\/2024\/02\/cropped-358643020_781066230482437_259625395205402184_n-300x300.jpg 300w, https:\/\/marouti.ma\/wp-content\/uploads\/2024\/02\/cropped-358643020_781066230482437_259625395205402184_n-150x150.jpg 150w, https:\/\/marouti.ma\/wp-content\/uploads\/2024\/02\/cropped-358643020_781066230482437_259625395205402184_n-430x430.jpg 430w, https:\/\/marouti.ma\/wp-content\/uploads\/2024\/02\/cropped-358643020_781066230482437_259625395205402184_n-270x270.jpg 270w, https:\/\/marouti.ma\/wp-content\/uploads\/2024\/02\/cropped-358643020_781066230482437_259625395205402184_n-192x192.jpg 192w, https:\/\/marouti.ma\/wp-content\/uploads\/2024\/02\/cropped-358643020_781066230482437_259625395205402184_n-180x180.jpg 180w, https:\/\/marouti.ma\/wp-content\/uploads\/2024\/02\/cropped-358643020_781066230482437_259625395205402184_n-32x32.jpg 32w, https:\/\/marouti.ma\/wp-content\/uploads\/2024\/02\/cropped-358643020_781066230482437_259625395205402184_n.jpg 512w\" sizes=\"(max-width: 64px) 100vw, 64px\" \/>\t\t\t\t\t\t\t<\/a>\n\t\t\t\t\t<\/div>\n\n\t\t\t\t\t\t<\/div>\n\t\t\t\t<\/div>\n\t\t\t\t<div class=\"elementor-element elementor-element-36ab22a2 elementor-widget__width-auto elementor-widget elementor-widget-wd_image_or_svg\" data-id=\"36ab22a2\" data-element_type=\"widget\" data-widget_type=\"wd_image_or_svg.default\">\n\t\t\t\t<div class=\"elementor-widget-container\">\n\t\t\t\t\t\n\t\t<div class=\"wd-image text-left\">\n\t\t\t\t\t\t\t<a  href=\"#\">\n\t\t\t\t\t\t\t\t<img decoding=\"async\" width=\"64\" height=\"64\" src=\"https:\/\/marouti.ma\/wp-content\/uploads\/2024\/02\/Sans-titre-700-x-800-px-700-x-800-px-14-1-64x64.png\" class=\"attachment-64x64 size-64x64\" alt=\"\" srcset=\"https:\/\/marouti.ma\/wp-content\/uploads\/2024\/02\/Sans-titre-700-x-800-px-700-x-800-px-14-1-64x64.png 64w, https:\/\/marouti.ma\/wp-content\/uploads\/2024\/02\/Sans-titre-700-x-800-px-700-x-800-px-14-1-150x150.png 150w\" sizes=\"(max-width: 64px) 100vw, 64px\" \/>\t\t\t\t\t\t\t<\/a>\n\t\t\t\t\t<\/div>\n\n\t\t\t\t\t\t<\/div>\n\t\t\t\t<\/div>\n\t\t\t\t<div class=\"elementor-element elementor-element-6f378ee elementor-widget__width-auto elementor-widget elementor-widget-wd_image_or_svg\" data-id=\"6f378ee\" data-element_type=\"widget\" data-widget_type=\"wd_image_or_svg.default\">\n\t\t\t\t<div class=\"elementor-widget-container\">\n\t\t\t\t\t\n\t\t<div class=\"wd-image text-left\">\n\t\t\t\t\t\t\t<a  href=\"#\">\n\t\t\t\t\t\t\t\t<img decoding=\"async\" width=\"64\" height=\"64\" src=\"https:\/\/marouti.ma\/wp-content\/uploads\/2024\/02\/Sans-titre-700-x-800-px-700-x-800-px-12-64x64.png\" class=\"attachment-64x64 size-64x64\" alt=\"\" srcset=\"https:\/\/marouti.ma\/wp-content\/uploads\/2024\/02\/Sans-titre-700-x-800-px-700-x-800-px-12-64x64.png 64w, https:\/\/marouti.ma\/wp-content\/uploads\/2024\/02\/Sans-titre-700-x-800-px-700-x-800-px-12-150x150.png 150w\" sizes=\"(max-width: 64px) 100vw, 64px\" \/>\t\t\t\t\t\t\t<\/a>\n\t\t\t\t\t<\/div>\n\n\t\t\t\t\t\t<\/div>\n\t\t\t\t<\/div>\n\t\t\t\t<div class=\"elementor-element elementor-element-14ab9258 elementor-widget__width-auto elementor-widget elementor-widget-wd_image_or_svg\" data-id=\"14ab9258\" data-element_type=\"widget\" data-widget_type=\"wd_image_or_svg.default\">\n\t\t\t\t<div class=\"elementor-widget-container\">\n\t\t\t\t\t\n\t\t<div class=\"wd-image text-left\">\n\t\t\t\t\t\t\t<a  href=\"#\">\n\t\t\t\t\t\t\t\t<img loading=\"lazy\" decoding=\"async\" width=\"64\" height=\"64\" src=\"https:\/\/marouti.ma\/wp-content\/uploads\/2024\/02\/Sans-titre-700-x-800-px-700-x-800-px-700-x-800-px-2-64x64.png\" class=\"attachment-64x64 size-64x64\" alt=\"\" srcset=\"https:\/\/marouti.ma\/wp-content\/uploads\/2024\/02\/Sans-titre-700-x-800-px-700-x-800-px-700-x-800-px-2-64x64.png 64w, https:\/\/marouti.ma\/wp-content\/uploads\/2024\/02\/Sans-titre-700-x-800-px-700-x-800-px-700-x-800-px-2-150x150.png 150w\" sizes=\"(max-width: 64px) 100vw, 64px\" \/>\t\t\t\t\t\t\t<\/a>\n\t\t\t\t\t<\/div>\n\n\t\t\t\t\t\t<\/div>\n\t\t\t\t<\/div>\n\t\t\t\t\t<\/div>\n\t\t<\/div>\n\t\t\t\t<div class=\"elementor-column elementor-col-33 elementor-top-column elementor-element elementor-element-67d70985\" data-id=\"67d70985\" data-element_type=\"column\">\n\t\t\t<div class=\"elementor-widget-wrap elementor-element-populated\">\n\t\t\t\t\t\t<div class=\"elementor-element elementor-element-533129ac elementor-widget elementor-widget-wd_text_block\" data-id=\"533129ac\" data-element_type=\"widget\" data-widget_type=\"wd_text_block.default\">\n\t\t\t\t<div class=\"elementor-widget-container\">\n\t\t\t\t\t\t\t<div class=\"wd-text-block reset-last-child text-left color-title\">\n\t\t\t\n\t\t\t<p><strong>33, Boulevard Farabi, AV Iben Al Haytam,&nbsp;<\/strong><\/p><p><strong>Quartier Sidi Brahim, <\/strong>F\u00e8s, 30000, Morocco<\/p><p><strong>Lundi - Samedi<\/strong><\/p><p>09:00 - 13:00<\/p><p>13:00 - 19:00<\/p><p><strong>Marouti.cm@gmail.com<\/strong><br><b><\/b><\/p><p><b>+212 648208633<\/b><\/p><p><strong>+212 535734529<\/strong><\/p>\n\t\t\t\t\t<\/div>\n\t\t\t\t\t\t<\/div>\n\t\t\t\t<\/div>\n\t\t\t\t<div class=\"elementor-element elementor-element-5f6eb11b elementor-widget elementor-widget-wd_button\" data-id=\"5f6eb11b\" data-element_type=\"widget\" data-widget_type=\"wd_button.default\">\n\t\t\t\t<div class=\"elementor-widget-container\">\n\t\t\t\t\t\t\t<div class=\"wd-button-wrapper text-left\" >\n\t\t\t<a class=\"btn btn-style-default btn-style-round btn-size-default btn-color-primary btn-icon-pos-right\"  href=\"https:\/\/maps.app.goo.gl\/8LBf3bTWj7hq3EmVA\">\n\t\t\t\t<span class=\"wd-btn-text\" data-elementor-setting-key=\"text\">\n\t\t\t\t\tLocalisation\t\t\t\t<\/span>\n\n\t\t\t\t\t\t\t<\/a>\n\t\t<\/div>\n\t\t\t\t\t\t<\/div>\n\t\t\t\t<\/div>\n\t\t\t\t\t<\/div>\n\t\t<\/div>\n\t\t\t\t\t<\/div>\n\t\t<\/section>\n\t\t\t\t<section class=\"elementor-section elementor-top-section elementor-element elementor-element-74f376b6 wd-section-stretch-content elementor-section-boxed elementor-section-height-default elementor-section-height-default\" data-id=\"74f376b6\" data-element_type=\"section\">\n\t\t\t\t\t\t<div class=\"elementor-container elementor-column-gap-default\">\n\t\t\t\t\t<div class=\"elementor-column elementor-col-100 elementor-top-column elementor-element elementor-element-5ca4712c\" data-id=\"5ca4712c\" data-element_type=\"column\">\n\t\t\t<div class=\"elementor-widget-wrap elementor-element-populated\">\n\t\t\t\t\t\t<div class=\"elementor-element elementor-element-7935adda wd-width-100 elementor-widget elementor-widget-wd_images_gallery\" data-id=\"7935adda\" data-element_type=\"widget\" data-widget_type=\"wd_images_gallery.default\">\n\t\t\t\t<div class=\"elementor-widget-container\">\n\t\t\t\t\t\t\t<div class=\"wd-images-gallery photoswipe-images wd-carousel-container\" style=\"--wd-align-items:center; --wd-justify-content:center;\">\n\t\t\t\t\t\t\t<div class=\"wd-carousel-inner\">\n\t\t\t\t\t\t<div class=\"wd-carousel wd-grid\" data-scroll_per_page=\"yes\" style=\"--wd-col-lg:3;--wd-col-md:3;--wd-col-sm:1;--wd-gap-lg:20px;--wd-gap-sm:10px;\">\n\t\t\t\t\t\t\t\t\t<div class=\"wd-carousel-wrap\">\n\t\t\t\t\t\t\t\t\t\t\t\t\t\t\t\t\t\t<div class=\"wd-gallery-item wd-carousel-item\">\n\t\t\t\t\t\t\t\t\t\t\t\t\t<a  href=\"https:\/\/marouti.ma\/wp-content\/uploads\/2024\/02\/df1aacefee5aea082831b32de1677416-1.jpg\"data-width=\"333\" data-height=\"500\" data-index=\"1\" data-elementor-open-lightbox=\"no\">\n\t\t\t\t\t\t\n\t\t\t\t\t\t<img decoding=\"async\" src=\"https:\/\/marouti.ma\/wp-content\/uploads\/2024\/02\/df1aacefee5aea082831b32de1677416-1.jpg\"alt=\"df1aacefee5aea082831b32de1677416\">\n\t\t\t\t\t\t\t\t\t\t\t\t\t<\/a>\n\t\t\t\t\t\t\t\t\t\t\t<\/div>\n\t\t\t\t\t\t\t\t\t\t\t\t\t\t\t<div class=\"wd-gallery-item wd-carousel-item\">\n\t\t\t\t\t\t\t\t\t\t\t\t\t<a  href=\"https:\/\/marouti.ma\/wp-content\/uploads\/2024\/02\/e62caddc446a58ff10aa8d6ec6fef488.jpg\"data-width=\"333\" data-height=\"500\" data-index=\"2\" data-elementor-open-lightbox=\"no\">\n\t\t\t\t\t\t\n\t\t\t\t\t\t<img decoding=\"async\" src=\"https:\/\/marouti.ma\/wp-content\/uploads\/2024\/02\/e62caddc446a58ff10aa8d6ec6fef488.jpg\"alt=\"e62caddc446a58ff10aa8d6ec6fef488\">\n\t\t\t\t\t\t\t\t\t\t\t\t\t<\/a>\n\t\t\t\t\t\t\t\t\t\t\t<\/div>\n\t\t\t\t\t\t\t\t\t\t\t\t\t\t\t<div class=\"wd-gallery-item wd-carousel-item\">\n\t\t\t\t\t\t\t\t\t\t\t\t\t<a  href=\"https:\/\/marouti.ma\/wp-content\/uploads\/2024\/02\/5b3dcb75db16ba6c8db52b02df5d7be9-1.jpg\"data-width=\"333\" data-height=\"500\" data-index=\"3\" data-elementor-open-lightbox=\"no\">\n\t\t\t\t\t\t\n\t\t\t\t\t\t<img decoding=\"async\" src=\"https:\/\/marouti.ma\/wp-content\/uploads\/2024\/02\/5b3dcb75db16ba6c8db52b02df5d7be9-1.jpg\"alt=\"5b3dcb75db16ba6c8db52b02df5d7be9\">\n\t\t\t\t\t\t\t\t\t\t\t\t\t<\/a>\n\t\t\t\t\t\t\t\t\t\t\t<\/div>\n\t\t\t\t\t\t\t\t\t\t\t\t\t\t\t\t<\/div>\n\t\t\t\t\t\t\t\t<\/div>\n\t\t\t\t\t\t\t\t\t\t\t\t\t\t<div class=\"wd-nav-arrows wd-pos-sep wd-hover-1 wd-icon-1\">\n\t\t\t<div class=\"wd-btn-arrow wd-prev wd-disabled\">\n\t\t\t\t<div class=\"wd-arrow-inner\"><\/div>\n\t\t\t<\/div>\n\t\t\t<div class=\"wd-btn-arrow wd-next\">\n\t\t\t\t<div class=\"wd-arrow-inner\"><\/div>\n\t\t\t<\/div>\n\t\t<\/div>\n\t\t\t\t\t\t\n\t\t\t\t<\/div>\n\n\t\t\t\t\t\t\t\t\t\t\t\t\t<\/div>\n\t\t\t\t\t\t<\/div>\n\t\t\t\t<\/div>\n\t\t\t\t\t<\/div>\n\t\t<\/div>\n\t\t\t\t\t<\/div>\n\t\t<\/section>\n\t\t\t\t<\/div>\n\t\t","protected":false},"excerpt":{"rendered":"<p>MAROUTI Showroom Nous vous invitons \u00e0 d\u00e9couvrir notre showroom exclusif d\u00e9di\u00e9 aux articles sanitaires, o\u00f9 le raffinement et l&rsquo;\u00e9l\u00e9gance se<\/p>\n","protected":false},"author":1,"featured_media":0,"parent":0,"menu_order":0,"comment_status":"closed","ping_status":"closed","template":"","meta":{"_themeisle_gutenberg_block_has_review":false,"footnotes":"","_joinchat":[]},"_hostinger_reach_plugin_has_subscription_block":false,"_hostinger_reach_plugin_is_elementor":false,"_links":{"self":[{"href":"https:\/\/marouti.ma\/index.php\/wp-json\/wp\/v2\/pages\/16277"}],"collection":[{"href":"https:\/\/marouti.ma\/index.php\/wp-json\/wp\/v2\/pages"}],"about":[{"href":"https:\/\/marouti.ma\/index.php\/wp-json\/wp\/v2\/types\/page"}],"author":[{"embeddable":true,"href":"https:\/\/marouti.ma\/index.php\/wp-json\/wp\/v2\/users\/1"}],"replies":[{"embeddable":true,"href":"https:\/\/marouti.ma\/index.php\/wp-json\/wp\/v2\/comments?post=16277"}],"version-history":[{"count":23,"href":"https:\/\/marouti.ma\/index.php\/wp-json\/wp\/v2\/pages\/16277\/revisions"}],"predecessor-version":[{"id":17589,"href":"https:\/\/marouti.ma\/index.php\/wp-json\/wp\/v2\/pages\/16277\/revisions\/17589"}],"wp:attachment":[{"href":"https:\/\/marouti.ma\/index.php\/wp-json\/wp\/v2\/media?parent=16277"}],"curies":[{"name":"wp","href":"https:\/\/api.w.org\/{rel}","templated":true}]}}